{"id":1066,"date":"2015-05-18T18:36:05","date_gmt":"2015-05-18T22:36:05","guid":{"rendered":"http:\/\/carfms.org\/?page_id=1066"},"modified":"2018-10-24T16:45:07","modified_gmt":"2018-10-24T20:45:07","slug":"9th-annual-conference","status":"publish","type":"page","link":"https:\/\/carfms.org\/fr\/conferences\/9th-annual-conference\/","title":{"rendered":"9e conf\u00e9rence annuelle de l&rsquo;Association canadienne pour les \u00e9tudes sur les r\u00e9fugi\u00e9s et les migrations forc\u00e9es (ACERMF)"},"content":{"rendered":"<p><\/p>\n<p><a href=\"http:\/\/carfms.org\/wp-content\/uploads\/2016\/04\/CARFMS.8.5x11.2sided.MSC_.NewMay11-fr.pdf\" target=\"_blank\" rel=\"noopener\"><img loading=\"lazy\" decoding=\"async\" class=\"size-full wp-image-1558 alignleft\" src=\"http:\/\/carfms.org\/wp-content\/uploads\/2016\/04\/CARFMS.8.5x11.2sided-fr.jpg\" alt=\"CARFMSposterFr\" width=\"300\" height=\"388\"><\/a><a href=\"http:\/\/carfms.org\/wp-content\/uploads\/2016\/04\/CARFMS.8.5x11.2sided.MSC_.NewMay11-fr.pdf\" target=\"_blank\" rel=\"noopener\">ACERMF16 Affiche<\/a>&nbsp;(document PDF )<\/p>\n<p><\/p>","protected":false},"excerpt":{"rendered":"<p>ACERMF16 Affiche&nbsp;(document PDF )<\/p>\n","protected":false},"author":5,"featured_media":0,"parent":295,"menu_order":0,"comment_status":"closed","ping_status":"closed","template":"","meta":{"ngg_post_thumbnail":0,"footnotes":""},"class_list":["post-1066","page","type-page","status-publish","hentry"],"_links":{"self":[{"href":"https:\/\/carfms.org\/fr\/wp-json\/wp\/v2\/pages\/1066","targetHints":{"allow":["GET"]}}],"collection":[{"href":"https:\/\/carfms.org\/fr\/wp-json\/wp\/v2\/pages"}],"about":[{"href":"https:\/\/carfms.org\/fr\/wp-json\/wp\/v2\/types\/page"}],"author":[{"embeddable":true,"href":"https:\/\/carfms.org\/fr\/wp-json\/wp\/v2\/users\/5"}],"replies":[{"embeddable":true,"href":"https:\/\/carfms.org\/fr\/wp-json\/wp\/v2\/comments?post=1066"}],"version-history":[{"count":0,"href":"https:\/\/carfms.org\/fr\/wp-json\/wp\/v2\/pages\/1066\/revisions"}],"up":[{"embeddable":true,"href":"https:\/\/carfms.org\/fr\/wp-json\/wp\/v2\/pages\/295"}],"wp:attachment":[{"href":"https:\/\/carfms.org\/fr\/wp-json\/wp\/v2\/media?parent=1066"}],"curies":[{"name":"wp","href":"https:\/\/api.w.org\/{rel}","templated":true}]}}