{"id":1462,"date":"2015-07-26T19:40:33","date_gmt":"2015-07-26T23:40:33","guid":{"rendered":"http:\/\/carfms.org\/?page_id=1462"},"modified":"2025-10-01T14:04:32","modified_gmt":"2025-10-01T18:04:32","slug":"carfms-student-essay-contest","status":"publish","type":"page","link":"https:\/\/carfms.org\/fr\/research-and-papers\/carfms-student-essay-contest\/","title":{"rendered":"ACERMF Concours D&rsquo;Essais Pour Les \u00c9tudiants"},"content":{"rendered":"<p><\/p>\n\n\n\n<div class=\"wp-block-columns is-layout-flex wp-container-core-columns-is-layout-9d6595d7 wp-block-columns-is-layout-flex\">\n<div class=\"wp-block-column is-layout-flow wp-block-column-is-layout-flow\" style=\"flex-basis:100%\">\n<div class=\"wp-block-columns is-layout-flex wp-container-core-columns-is-layout-9d6595d7 wp-block-columns-is-layout-flex\">\n<div class=\"wp-block-column is-layout-flow wp-block-column-is-layout-flow\" style=\"flex-basis:100%\">\n<figure class=\"wp-block-table is-style-regular\"><table><tbody><tr><td><a href=\"http:\/\/carfms.org\/research-and-papers\/carfms-student-essay-contest\/graduate\/\">ACERMF \u00c9tudiants dipl\u00f4m\u00e9s gagnants du concours d&rsquo;essais (ant\u00e9rieur)<\/a><\/td><\/tr><tr><td><a href=\"http:\/\/carfms.org\/research-and-papers\/carfms-student-essay-contest\/undergraduate\/\">ACERMF \u00c9tudiants de premier cycle gagnants du concours d&rsquo;essais (ant\u00e9rieur)<\/a><\/td><\/tr><\/tbody><\/table><\/figure>\n<\/div>\n<\/div>\n<\/div>\n<\/div>\n\n\n\n<h2 class=\"wp-block-heading\"><strong><u>GAGNANTS DU CONCOURS 2021 D\u2019ESSAIS POUR LES \u00c9TUDIANTS <\/u><\/strong><\/h2>\n\n\n\n<h3 class=\"wp-block-heading\">\u00c9tudiants de premier cycle<\/h3>\n\n\n\n<p><\/p>\n\n\n\n<h4 class=\"wp-block-heading\">Gagnant<\/h4>\n\n\n\n<p><em><a href=\"http:\/\/carfms.org\/wp-content\/uploads\/2021\/10\/EMILY-EVERETT-Unaccompanied-and-Separated-Children-in-Uganda_-CBCPMs-2.pdf\">Unaccompanied and Separated Refugee Children in Uganda: Community Based Child Protection Mechanisms<\/a>, <\/em>Emily Everett, Carleton University<\/p>\n\n\n\n<h4 class=\"wp-block-heading\">Pr\u00e9s\u00e9lectionn\u00e9<\/h4>\n\n\n\n<p><em>Island Psyche and the Living Dead: A critical analysis of Australia\u2019s Nauru and Manus Island Detention Centres<\/em>,&nbsp;Jed Chown, Carleton University<\/p>\n\n\n\n<p><a href=\"http:\/\/carfms.org\/wp-content\/uploads\/2021\/10\/CARFMS-From-Humanitarianism-to-Securitization-The-Shift-in-Political-and-Media-Discourse-on-Tamil-Refugees-Arriving-by-Sea-in-Canada-Rahul-Balasundaram.pdf\"><em>From Humanitarianism to Securitization: The Shift in Political and Media Discourse on Tamil Refugees Arriving by Sea in Canada<\/em><\/a>,&nbsp;Rahul Balasundaram, University of Ottawa<\/p>\n\n\n\n<p><a href=\"http:\/\/carfms.org\/wp-content\/uploads\/2021\/10\/Ryan-Dean-Discourse-and-the-Securitization-of-Asylum-Seekers-to-Canada.pdf\"><em>Discourse and the Securitization of Asylum Seekers to Canada<\/em><\/a>,&nbsp;Ryan Dean, Carleton University&nbsp;&nbsp;&nbsp;&nbsp;&nbsp;<\/p>\n\n\n\n<h3 class=\"wp-block-heading\">\u00c9tudiants dipl\u00f4m\u00e9s \/ en droit<\/h3>\n\n\n\n<p><\/p>\n\n\n\n<h4 class=\"wp-block-heading\">Gagnant<\/h4>\n\n\n\n<p><em><a href=\"http:\/\/carfms.org\/wp-content\/uploads\/2021\/10\/Mutual-aid-amongst-refugees_PARENT.pdf\">Mutual aid amongst refugees: Organized abandonment and anarchic places<\/a>,<\/em>&nbsp;Nicolas Parent, McGill University<\/p>\n\n\n\n<h4 class=\"wp-block-heading\">Pr\u00e9s\u00e9lectionn\u00e9<\/h4>\n\n\n\n<p><em>Migration as climate adaptation: Insights from Mesoamerica<\/em>,&nbsp;Benjamin Keenan, McGill University<\/p>\n\n\n\n<p><a href=\"http:\/\/carfms.org\/wp-content\/uploads\/2021\/10\/Luiz-Leomil-Displaced-Venezuelans-and-the-Politics-of-Asylum-The-case-of-Brazils-Group-Recognition-Policy-vAug8-FINAL.pdf\"><em>Displaced Venezuelans and the Politics of Asylum: The case of Brazil\u2019s Group Recognition Policy<\/em><\/a>,&nbsp;Luiz Leomil, Carleton University<\/p>\n\n\n\n<p><\/p>","protected":false},"excerpt":{"rendered":"<p>ACERMF \u00c9tudiants dipl\u00f4m\u00e9s gagnants du concours d&rsquo;essais (ant\u00e9rieur) ACERMF \u00c9tudiants de premier cycle gagnants du concours d&rsquo;essais (ant\u00e9rieur) GAGNANTS DU CONCOURS 2021 D\u2019ESSAIS POUR LES \u00c9TUDIANTS \u00c9tudiants de premier cycle Gagnant Unaccompanied and Separated Refugee Children in Uganda: Community Based Child Protection Mechanisms, Emily Everett, Carleton University Pr\u00e9s\u00e9lectionn\u00e9 Island Psyche and the Living Dead: A critical analysis of Australia\u2019s Nauru and Manus Island Detention Centres,&nbsp;Jed Chown, Carleton University From Humanitarianism to Securitization: The Shift in&#8230;<\/p>\n","protected":false},"author":5,"featured_media":0,"parent":213,"menu_order":0,"comment_status":"closed","ping_status":"open","template":"","meta":{"ngg_post_thumbnail":0,"footnotes":""},"class_list":["post-1462","page","type-page","status-publish","hentry"],"_links":{"self":[{"href":"https:\/\/carfms.org\/fr\/wp-json\/wp\/v2\/pages\/1462","targetHints":{"allow":["GET"]}}],"collection":[{"href":"https:\/\/carfms.org\/fr\/wp-json\/wp\/v2\/pages"}],"about":[{"href":"https:\/\/carfms.org\/fr\/wp-json\/wp\/v2\/types\/page"}],"author":[{"embeddable":true,"href":"https:\/\/carfms.org\/fr\/wp-json\/wp\/v2\/users\/5"}],"replies":[{"embeddable":true,"href":"https:\/\/carfms.org\/fr\/wp-json\/wp\/v2\/comments?post=1462"}],"version-history":[{"count":0,"href":"https:\/\/carfms.org\/fr\/wp-json\/wp\/v2\/pages\/1462\/revisions"}],"up":[{"embeddable":true,"href":"https:\/\/carfms.org\/fr\/wp-json\/wp\/v2\/pages\/213"}],"wp:attachment":[{"href":"https:\/\/carfms.org\/fr\/wp-json\/wp\/v2\/media?parent=1462"}],"curies":[{"name":"wp","href":"https:\/\/api.w.org\/{rel}","templated":true}]}}