{"id":1586,"date":"2015-10-18T21:33:24","date_gmt":"2015-10-19T01:33:24","guid":{"rendered":"http:\/\/carfms.org\/?page_id=1586"},"modified":"2022-05-02T16:30:28","modified_gmt":"2022-05-02T20:30:28","slug":"working-paper-series","status":"publish","type":"page","link":"https:\/\/carfms.org\/fr\/working-paper-series\/","title":{"rendered":"ACERMF Documents de Travail"},"content":{"rendered":"<p><\/p>\n<blockquote><p><a href=\"http:\/\/carfms.org\/working-paper-series\/author-guidelines\/\">Directives aux Auteurs<\/a><\/p>\n<p><a href=\"http:\/\/carfms.org\/working-paper-series\/online-submissions\/\">Soumissions en Ligne<\/a><\/p>\n<p><a href=\"#liste\">Liste de tous les documents de travail publi\u00e9s dans la s\u00e9rie<\/a><\/p><\/blockquote>\n<p><a href=\"http:\/\/carfms.org\/wp-content\/uploads\/2015\/10\/CARFMS-WPS-No1-Anne-Mactavish.pdf\" target=\"_blank\" rel=\"noopener\"><img loading=\"lazy\" decoding=\"async\" class=\"size-full wp-image-1687 alignnone\" src=\"http:\/\/carfms.org\/wp-content\/uploads\/2015\/10\/CARFMS-WPS-No1-cover-page-web-500.png\" alt=\"CARFMS WPS 1 cover\" width=\"575\" height=\"685\" srcset=\"https:\/\/carfms.org\/wp-content\/uploads\/2015\/10\/CARFMS-WPS-No1-cover-page-web-500.png 575w, https:\/\/carfms.org\/wp-content\/uploads\/2015\/10\/CARFMS-WPS-No1-cover-page-web-500-252x300.png 252w\" sizes=\"auto, (max-width: 575px) 100vw, 575px\" \/><\/a><\/p>\n<h2>Informations de contact<\/h2>\n<p>Demandes de renseignements, des pens\u00e9es, des pr\u00e9occupations ou des id\u00e9es pour l&rsquo;am\u00e9lioration de la S\u00e9rie de documents de travail ACERMF peuvent \u00eatre envoy\u00e9s \u00e0 l&rsquo;attention de:<\/p>\n<p><strong>Dr. Idil Atak<\/strong>, Assistant Professor, Department of Criminology<br \/>\nFaculty of Arts, Ryerson University, Toronto, Ontario, Canada<br \/>\n<a href=\"mailto:idil.atak@ryerson.ca\" target=\"_blank\" rel=\"noopener\">idil.atak@ryerson.ca<\/a><\/p>\n<h2><a id=\"liste\"><\/a>Liste de tous les documents de travail publi\u00e9s dans la s\u00e9rie<\/h2>\n<table style=\"height: 718px;\" width=\"1120\" cellspacing=\"2\" cellpadding=\"5\">\n<tbody>\n<tr>\n<td><span style=\"font-family: helvetica, arial, sans-serif; font-size: 10pt;\">No.&nbsp;2015\/1<\/span><br \/>\n<span style=\"font-family: helvetica, arial, sans-serif; font-size: 10pt;\">October 2015<\/span><\/td>\n<td><img loading=\"lazy\" decoding=\"async\" class=\"alignnone size-full wp-image-1592\" src=\"http:\/\/carfms.org\/wp-content\/uploads\/2015\/10\/pdf.jpg\" alt=\"pdf icon\" width=\"15\" height=\"15\"> <a href=\"http:\/\/carfms.org\/wp-content\/uploads\/2015\/10\/CARFMS-WPS-No1-Anne-Mactavish.pdf\" target=\"_blank\" rel=\"noopener\">The Role of the Federal Court in the Canadian Refugee Determination Process<\/a> (PDF)<a href=\"http:\/\/carfms.org\/wp-content\/uploads\/2015\/10\/CARFMS-WPS-No1-Anne-Mactavish.pdf\" target=\"_blank\" rel=\"noopener\"><br \/>\n<\/a><span style=\"font-size: 14pt; color: #000000;\"><strong>Justice&nbsp;Anne L. Mactavish<\/strong>, Federal Court Canada<\/span><\/td>\n<\/tr>\n<tr>\n<td><span style=\"font-family: helvetica, arial, sans-serif; font-size: 10pt;\">No.&nbsp;2015\/2<\/span><br \/>\n<span style=\"font-family: helvetica, arial, sans-serif; font-size: 10pt;\">October 2015<\/span><\/td>\n<td><img loading=\"lazy\" decoding=\"async\" class=\"alignnone size-full wp-image-1592\" src=\"http:\/\/carfms.org\/wp-content\/uploads\/2015\/10\/pdf.jpg\" alt=\"pdf icon\" width=\"15\" height=\"15\"> <a href=\"http:\/\/carfms.org\/wp-content\/uploads\/2015\/10\/CARFMS-WPS-No2-Olivia-Chow.pdf\" target=\"_blank\" rel=\"noopener\">The Need to Welcome Refugees and Immigrants \u2013 and Establishing Leadership by Welcoming More\u2026<\/a>&nbsp;(PDF)<br \/>\n<span style=\"font-size: 14pt; color: #000000;\"><strong>Olivia Chow<\/strong>, Distinguished Visiting Professor, Ryerson University<\/span><\/td>\n<\/tr>\n<tr>\n<td><span style=\"font-family: helvetica, arial, sans-serif; font-size: 10pt;\">No.&nbsp;2015\/3<\/span><br \/>\n<span style=\"font-family: helvetica, arial, sans-serif; font-size: 10pt;\">October 2015<\/span><\/td>\n<td><img loading=\"lazy\" decoding=\"async\" class=\"alignnone size-full wp-image-1592\" src=\"http:\/\/carfms.org\/wp-content\/uploads\/2015\/10\/pdf.jpg\" alt=\"pdf icon\" width=\"15\" height=\"15\"> <a href=\"http:\/\/carfms.org\/wp-content\/uploads\/2015\/10\/CARFMS-WPS-No3-Mario-Dion.pdf\" target=\"_blank\" rel=\"noopener\">Key Note Address to CARFMS15 Annual Conference<\/a>&nbsp;(PDF)<a href=\"http:\/\/carfms.org\/wp-content\/uploads\/2015\/10\/CARFMS-WPS-No1-Anne-Mactavish.pdf\" target=\"_blank\" rel=\"noopener\"><br \/>\n<\/a><span style=\"font-size: 14pt; color: #000000;\"><strong>Mario Dion<\/strong>, Chairperson of Immigration and Refugee Board of Canada<\/span><\/td>\n<\/tr>\n<tr>\n<td><span style=\"font-family: helvetica, arial, sans-serif; font-size: 10pt;\">No.&nbsp;2015\/4<\/span><br \/>\n<span style=\"font-family: helvetica, arial, sans-serif; font-size: 10pt;\">October 2015<\/span><\/td>\n<td><img loading=\"lazy\" decoding=\"async\" class=\"alignnone size-full wp-image-1592\" src=\"http:\/\/carfms.org\/wp-content\/uploads\/2015\/10\/pdf.jpg\" alt=\"pdf icon\" width=\"15\" height=\"15\"> <a href=\"http:\/\/carfms.org\/wp-content\/uploads\/2015\/11\/CARFMS-WPS-No4-James-Simeon.pdf\" target=\"_blank\" rel=\"noopener\">The Developing Jurisprudence on Exclusion Under Article 1F(a) of the 1951 Convention in Selected Western Industrialized States<\/a>&nbsp;(PDF)<a href=\"http:\/\/carfms.org\/wp-content\/uploads\/2015\/10\/CARFMS-WPS-No1-Anne-Mactavish.pdf\" target=\"_blank\" rel=\"noopener\"><br \/>\n<\/a><span style=\"font-size: 14pt; color: #000000;\"><strong>Dr. James C. Simeon<\/strong>, Associate Professor, Director, School of Public Policy and Administration, Faculty of Liberal Arts and Professional Studies, York University<\/span><\/td>\n<\/tr>\n<tr>\n<td><span style=\"font-family: helvetica, arial, sans-serif; font-size: 10pt;\">No.&nbsp;2015\/5<\/span><br \/>\n<span style=\"font-family: helvetica, arial, sans-serif; font-size: 10pt;\">October 2015<\/span><\/td>\n<td><img loading=\"lazy\" decoding=\"async\" class=\"alignnone size-full wp-image-1592\" src=\"http:\/\/carfms.org\/wp-content\/uploads\/2015\/10\/pdf.jpg\" alt=\"pdf icon\" width=\"15\" height=\"15\"> <a href=\"http:\/\/carfms.org\/wp-content\/uploads\/2015\/11\/CARFMS-WPS-No5-Peter-Goodspeed.pdf\" target=\"_blank\" rel=\"noopener\">From the Indochinese refugee crisis and UNHCR\u2019s Nansen Medal to the silent indifference of the Syrian Refugee Crisis 2011-2015<\/a>: A Journalist\u2019s Reflections on Shifts in Refugee Policy in Canada Over the Last Four Decades (PDF)<a href=\"http:\/\/carfms.org\/wp-content\/uploads\/2015\/10\/CARFMS-WPS-No1-Anne-Mactavish.pdf\" target=\"_blank\" rel=\"noopener\"><br \/>\n<\/a><span style=\"font-size: 14pt; color: #000000;\"><strong>Peter Goodspeed<\/strong>, Retired Journalist, 2013-2014 Atkinson Fellowship in Public Policy, Awarded by the Canadian Journalism Foundation<\/span><\/td>\n<\/tr>\n<tr>\n<td><span style=\"font-family: helvetica, arial, sans-serif; font-size: 10pt;\">No.&nbsp;2015\/6<br \/>\n<span style=\"font-family: helvetica, arial, sans-serif; font-size: 10pt;\">October 2015<\/span><\/span><\/td>\n<td><img loading=\"lazy\" decoding=\"async\" class=\"alignnone size-full wp-image-1592\" src=\"http:\/\/carfms.org\/wp-content\/uploads\/2015\/10\/pdf.jpg\" alt=\"pdf icon\" width=\"15\" height=\"15\"> <a href=\"http:\/\/carfms.org\/wp-content\/uploads\/2015\/11\/CARFMS-WPS-No6-Peter-Grbac.pdf\" target=\"_blank\" rel=\"noopener\">Politicizing Protection: India and its 1971 Refugees<\/a>&nbsp;(PDF)<a href=\"http:\/\/carfms.org\/wp-content\/uploads\/2015\/10\/CARFMS-WPS-No1-Anne-Mactavish.pdf\" target=\"_blank\" rel=\"noopener\"><br \/>\n<\/a><strong>Peter Grbac<\/strong>, J.D. Student, Faculty of Law, McGill University<\/td>\n<\/tr>\n<\/tbody>\n<\/table>\n<p><\/p>","protected":false},"excerpt":{"rendered":"<p>Directives aux Auteurs Soumissions en Ligne Liste de tous les documents de travail publi\u00e9s dans la s\u00e9rie Informations de contact Demandes de renseignements, des pens\u00e9es, des pr\u00e9occupations ou des id\u00e9es pour l&rsquo;am\u00e9lioration de la S\u00e9rie de documents de travail ACERMF peuvent \u00eatre envoy\u00e9s \u00e0 l&rsquo;attention de: Dr. Idil Atak, Assistant Professor, Department of Criminology Faculty of Arts, Ryerson University, Toronto, Ontario, Canada idil.atak@ryerson.ca Liste de tous les documents de travail publi\u00e9s dans la s\u00e9rie No.&nbsp;2015\/1&#8230;<\/p>\n","protected":false},"author":5,"featured_media":0,"parent":0,"menu_order":0,"comment_status":"closed","ping_status":"closed","template":"","meta":{"ngg_post_thumbnail":0,"footnotes":""},"class_list":["post-1586","page","type-page","status-publish","hentry"],"_links":{"self":[{"href":"https:\/\/carfms.org\/fr\/wp-json\/wp\/v2\/pages\/1586","targetHints":{"allow":["GET"]}}],"collection":[{"href":"https:\/\/carfms.org\/fr\/wp-json\/wp\/v2\/pages"}],"about":[{"href":"https:\/\/carfms.org\/fr\/wp-json\/wp\/v2\/types\/page"}],"author":[{"embeddable":true,"href":"https:\/\/carfms.org\/fr\/wp-json\/wp\/v2\/users\/5"}],"replies":[{"embeddable":true,"href":"https:\/\/carfms.org\/fr\/wp-json\/wp\/v2\/comments?post=1586"}],"version-history":[{"count":0,"href":"https:\/\/carfms.org\/fr\/wp-json\/wp\/v2\/pages\/1586\/revisions"}],"wp:attachment":[{"href":"https:\/\/carfms.org\/fr\/wp-json\/wp\/v2\/media?parent=1586"}],"curies":[{"name":"wp","href":"https:\/\/api.w.org\/{rel}","templated":true}]}}