{"id":1634,"date":"2015-10-25T17:33:54","date_gmt":"2015-10-25T21:33:54","guid":{"rendered":"http:\/\/carfms.org\/?page_id=1634"},"modified":"2015-11-02T22:17:25","modified_gmt":"2015-11-03T03:17:25","slug":"online-submissions","status":"publish","type":"page","link":"https:\/\/carfms.org\/fr\/working-paper-series\/online-submissions\/","title":{"rendered":"Soumissions en Ligne"},"content":{"rendered":"<p><\/p>\n<p>Les articles doivent \u00eatre soumis en ligne. Pri\u00e8re de remplir le formulaire ci-dessous. Les articles soumis seront \u00e9valu\u00e9s par le Comit\u00e9 \u00c9ditorial des Documents de Travail de l\u2019ACERMF. Seuls les auteurs des articles accept\u00e9s pour publication seront contact\u00e9s. Les d\u00e9cisions du Comit\u00e9 \u00c9ditorial sont finales. Les appels ne seront pas consid\u00e9r\u00e9s.<\/p>\n<div id=\"vfb-form-3\" class=\"visual-form-builder-container\"><form id=\"working-papers-series-submission-french-3\" class=\"visual-form-builder vfb-form-3 \" method=\"post\" enctype=\"multipart\/form-data\">\n\t  \t<input type=\"hidden\" name=\"form_id\" value=\"3\" \/><fieldset class=\"vfb-fieldset vfb-fieldset-1 formulaire-de-soumission-en-ligne \" id=\"item-vfb-27\"><div class=\"vfb-legend\"><h3>Formulaire de soumission en ligne<\/h3><\/div><ul class=\"vfb-section vfb-section-1\"><li class=\"vfb-item vfb-item-instructions  \" id=\"item-vfb-42\"><label class=\"vfb-desc\">Instructions <\/label>* S'il vous pla\u00eet noter que les champs avec les ast\u00e9risques rouges sont obligatoires.<\/li><li class=\"vfb-item vfb-item-text  \" id=\"item-vfb-31\"><label for=\"vfb-31\" class=\"vfb-desc\">Pr\u00e9nom  <span class=\"vfb-required-asterisk\">*<\/span><\/label><input type=\"text\" name=\"vfb-31\" id=\"vfb-31\" value=\"\" class=\"vfb-text  vfb-medium  required  \" \/><\/li><li class=\"vfb-item vfb-item-text  \" id=\"item-vfb-32\"><label for=\"vfb-32\" class=\"vfb-desc\">Nom de Famille  <span class=\"vfb-required-asterisk\">*<\/span><\/label><input type=\"text\" name=\"vfb-32\" id=\"vfb-32\" value=\"\" class=\"vfb-text  vfb-medium  required  \" \/><\/li><li class=\"vfb-item vfb-item-text  \" id=\"item-vfb-37\"><label for=\"vfb-37\" class=\"vfb-desc\">Titre\/Position <\/label><input type=\"text\" name=\"vfb-37\" id=\"vfb-37\" value=\"\" class=\"vfb-text  vfb-medium   \" \/><\/li><li class=\"vfb-item vfb-item-text  \" id=\"item-vfb-39\"><label for=\"vfb-39\" class=\"vfb-desc\">Institution\/Affiliation <\/label><input type=\"text\" name=\"vfb-39\" id=\"vfb-39\" value=\"\" class=\"vfb-text  vfb-medium   \" \/><\/li><li class=\"vfb-item vfb-item-email  \" id=\"item-vfb-38\"><label for=\"vfb-38\" class=\"vfb-desc\">Courriel  <span class=\"vfb-required-asterisk\">*<\/span><\/label><input type=\"email\" name=\"vfb-38\" id=\"vfb-38\" value=\"\" class=\"vfb-text  vfb-medium  required  email \" \/><\/li><li class=\"vfb-item vfb-item-phone  \" id=\"item-vfb-33\"><label for=\"vfb-33\" class=\"vfb-desc\">T\u00e9l\u00e9phone <\/label><input type=\"tel\" name=\"vfb-33\" id=\"vfb-33\" value=\"\" class=\"vfb-text  vfb-medium   phone \" \/><\/li><li class=\"vfb-item vfb-item-address  \" id=\"item-vfb-40\"><label class=\"vfb-desc\">Adresse <\/label><div><span class=\"vfb-full\"><input type=\"text\" name=\"vfb-40[address]\" id=\"vfb-40-address\" maxlength=\"150\" class=\"vfb-text vfb-medium  \" \/><label for=\"vfb-40-address\">Adresse rue<\/label><\/span><span class=\"vfb-full\"><input type=\"text\" name=\"vfb-40[address-2]\" id=\"vfb-40-address-2\" maxlength=\"150\" class=\"vfb-text vfb-medium  \" \/><label for=\"vfb-40-address-2\">Appartement, bureau, unit\u00e9 (facultatif)<\/label><\/span><span class=\"vfb-left\"><input type=\"text\" name=\"vfb-40[city]\" id=\"vfb-40-city\" maxlength=\"150\" class=\"vfb-text vfb-medium  \" \/><label for=\"vfb-40-city\">Ville<\/label><\/span><span class=\"vfb-right\"><input type=\"text\" name=\"vfb-40[state]\" id=\"vfb-40-state\" maxlength=\"150\" class=\"vfb-text vfb-medium  \" \/><label for=\"vfb-40-state\">\u00c9tat \/ Province \/ r\u00e9gion<\/label><\/span><span class=\"vfb-left\"><input type=\"text\" name=\"vfb-40[zip]\" id=\"vfb-40-zip\" maxlength=\"150\" class=\"vfb-text vfb-medium  \" \/><label for=\"vfb-40-zip\">Code postal \/ ZIP<\/label><\/span><span class=\"vfb-right\"><select name=\"vfb-40[country]\" class=\"vfb-select  \" id=\"vfb-40-country\"><option value=\"\"><\/option><option value=\"Afghanistan\">Afghanistan<\/option><option value=\"Albania\">Albania<\/option><option value=\"Algeria\">Algeria<\/option><option value=\"Andorra\">Andorra<\/option><option value=\"Angola\">Angola<\/option><option value=\"Antigua and Barbuda\">Antigua and Barbuda<\/option><option value=\"Argentina\">Argentina<\/option><option value=\"Armenia\">Armenia<\/option><option value=\"Australia\">Australia<\/option><option value=\"Austria\">Austria<\/option><option value=\"Azerbaijan\">Azerbaijan<\/option><option value=\"Bahamas\">Bahamas<\/option><option value=\"Bahrain\">Bahrain<\/option><option value=\"Bangladesh\">Bangladesh<\/option><option value=\"Barbados\">Barbados<\/option><option value=\"Belarus\">Belarus<\/option><option value=\"Belgium\">Belgium<\/option><option value=\"Belize\">Belize<\/option><option value=\"Benin\">Benin<\/option><option value=\"Bhutan\">Bhutan<\/option><option value=\"Bolivia\">Bolivia<\/option><option value=\"Bosnia and Herzegovina\">Bosnia and Herzegovina<\/option><option value=\"Botswana\">Botswana<\/option><option value=\"Brazil\">Brazil<\/option><option value=\"Brunei\">Brunei<\/option><option value=\"Bulgaria\">Bulgaria<\/option><option value=\"Burkina Faso\">Burkina Faso<\/option><option value=\"Burundi\">Burundi<\/option><option value=\"Cambodia\">Cambodia<\/option><option value=\"Cameroon\">Cameroon<\/option><option value=\"Canada\" selected='selected'>Canada<\/option><option value=\"Cape Verde\">Cape Verde<\/option><option value=\"Central African Republic\">Central African Republic<\/option><option value=\"Chad\">Chad<\/option><option value=\"Chile\">Chile<\/option><option value=\"China\">China<\/option><option value=\"Colombia\">Colombia<\/option><option value=\"Comoros\">Comoros<\/option><option value=\"Congo (Brazzaville)\">Congo (Brazzaville)<\/option><option value=\"Congo\">Congo<\/option><option value=\"Costa Rica\">Costa Rica<\/option><option value=\"Cote d\\'Ivoire\">Cote d\\'Ivoire<\/option><option value=\"Croatia\">Croatia<\/option><option value=\"Cuba\">Cuba<\/option><option value=\"Cyprus\">Cyprus<\/option><option value=\"Czech Republic\">Czech Republic<\/option><option value=\"Denmark\">Denmark<\/option><option value=\"Djibouti\">Djibouti<\/option><option value=\"Dominica\">Dominica<\/option><option value=\"Dominican Republic\">Dominican Republic<\/option><option value=\"East Timor (Timor Timur)\">East Timor (Timor Timur)<\/option><option value=\"Ecuador\">Ecuador<\/option><option value=\"Egypt\">Egypt<\/option><option value=\"El Salvador\">El Salvador<\/option><option value=\"Equatorial Guinea\">Equatorial Guinea<\/option><option value=\"Eritrea\">Eritrea<\/option><option value=\"Estonia\">Estonia<\/option><option value=\"Ethiopia\">Ethiopia<\/option><option value=\"Fiji\">Fiji<\/option><option value=\"Finland\">Finland<\/option><option value=\"France\">France<\/option><option value=\"Gabon\">Gabon<\/option><option value=\"Gambia, The\">Gambia, The<\/option><option value=\"Georgia\">Georgia<\/option><option value=\"Germany\">Germany<\/option><option value=\"Ghana\">Ghana<\/option><option value=\"Greece\">Greece<\/option><option value=\"Grenada\">Grenada<\/option><option value=\"Guatemala\">Guatemala<\/option><option value=\"Guinea\">Guinea<\/option><option value=\"Guinea-Bissau\">Guinea-Bissau<\/option><option value=\"Guyana\">Guyana<\/option><option value=\"Haiti\">Haiti<\/option><option value=\"Honduras\">Honduras<\/option><option value=\"Hungary\">Hungary<\/option><option value=\"Iceland\">Iceland<\/option><option value=\"India\">India<\/option><option value=\"Indonesia\">Indonesia<\/option><option value=\"Iran\">Iran<\/option><option value=\"Iraq\">Iraq<\/option><option value=\"Ireland\">Ireland<\/option><option value=\"Israel\">Israel<\/option><option value=\"Italy\">Italy<\/option><option value=\"Jamaica\">Jamaica<\/option><option value=\"Japan\">Japan<\/option><option value=\"Jordan\">Jordan<\/option><option value=\"Kazakhstan\">Kazakhstan<\/option><option value=\"Kenya\">Kenya<\/option><option value=\"Kiribati\">Kiribati<\/option><option value=\"Korea, North\">Korea, North<\/option><option value=\"Korea, South\">Korea, South<\/option><option value=\"Kuwait\">Kuwait<\/option><option value=\"Kyrgyzstan\">Kyrgyzstan<\/option><option value=\"Laos\">Laos<\/option><option value=\"Latvia\">Latvia<\/option><option value=\"Lebanon\">Lebanon<\/option><option value=\"Lesotho\">Lesotho<\/option><option value=\"Liberia\">Liberia<\/option><option value=\"Libya\">Libya<\/option><option value=\"Liechtenstein\">Liechtenstein<\/option><option value=\"Lithuania\">Lithuania<\/option><option value=\"Luxembourg\">Luxembourg<\/option><option value=\"Macedonia\">Macedonia<\/option><option value=\"Madagascar\">Madagascar<\/option><option value=\"Malawi\">Malawi<\/option><option value=\"Malaysia\">Malaysia<\/option><option value=\"Maldives\">Maldives<\/option><option value=\"Mali\">Mali<\/option><option value=\"Malta\">Malta<\/option><option value=\"Marshall Islands\">Marshall Islands<\/option><option value=\"Mauritania\">Mauritania<\/option><option value=\"Mauritius\">Mauritius<\/option><option value=\"Mexico\">Mexico<\/option><option value=\"Micronesia\">Micronesia<\/option><option value=\"Moldova\">Moldova<\/option><option value=\"Monaco\">Monaco<\/option><option value=\"Mongolia\">Mongolia<\/option><option value=\"Montenegro\">Montenegro<\/option><option value=\"Morocco\">Morocco<\/option><option value=\"Mozambique\">Mozambique<\/option><option value=\"Myanmar\">Myanmar<\/option><option value=\"Namibia\">Namibia<\/option><option value=\"Nauru\">Nauru<\/option><option value=\"Nepal\">Nepal<\/option><option value=\"Netherlands\">Netherlands<\/option><option value=\"New Zealand\">New Zealand<\/option><option value=\"Nicaragua\">Nicaragua<\/option><option value=\"Niger\">Niger<\/option><option value=\"Nigeria\">Nigeria<\/option><option value=\"Norway\">Norway<\/option><option value=\"Oman\">Oman<\/option><option value=\"Pakistan\">Pakistan<\/option><option value=\"Palestinian Territory\">Palestinian Territory<\/option><option value=\"Palau\">Palau<\/option><option value=\"Panama\">Panama<\/option><option value=\"Papua New Guinea\">Papua New Guinea<\/option><option value=\"Paraguay\">Paraguay<\/option><option value=\"Peru\">Peru<\/option><option value=\"Philippines\">Philippines<\/option><option value=\"Poland\">Poland<\/option><option value=\"Portugal\">Portugal<\/option><option value=\"Qatar\">Qatar<\/option><option value=\"Romania\">Romania<\/option><option value=\"Russia\">Russia<\/option><option value=\"Rwanda\">Rwanda<\/option><option value=\"Saint Kitts and Nevis\">Saint Kitts and Nevis<\/option><option value=\"Saint Lucia\">Saint Lucia<\/option><option value=\"Saint Vincent\">Saint Vincent<\/option><option value=\"Samoa\">Samoa<\/option><option value=\"San Marino\">San Marino<\/option><option value=\"Sao Tome and Principe\">Sao Tome and Principe<\/option><option value=\"Saudi Arabia\">Saudi Arabia<\/option><option value=\"Senegal\">Senegal<\/option><option value=\"Serbia\">Serbia<\/option><option value=\"Seychelles\">Seychelles<\/option><option value=\"Sierra Leone\">Sierra Leone<\/option><option value=\"Singapore\">Singapore<\/option><option value=\"Slovakia\">Slovakia<\/option><option value=\"Slovenia\">Slovenia<\/option><option value=\"Solomon Islands\">Solomon Islands<\/option><option value=\"Somalia\">Somalia<\/option><option value=\"South Africa\">South Africa<\/option><option value=\"Spain\">Spain<\/option><option value=\"Sri Lanka\">Sri Lanka<\/option><option value=\"Sudan\">Sudan<\/option><option value=\"Suriname\">Suriname<\/option><option value=\"Swaziland\">Swaziland<\/option><option value=\"Sweden\">Sweden<\/option><option value=\"Switzerland\">Switzerland<\/option><option value=\"Syria\">Syria<\/option><option value=\"Taiwan\">Taiwan<\/option><option value=\"Tajikistan\">Tajikistan<\/option><option value=\"Tanzania\">Tanzania<\/option><option value=\"Thailand\">Thailand<\/option><option value=\"Togo\">Togo<\/option><option value=\"Tonga\">Tonga<\/option><option value=\"Trinidad and Tobago\">Trinidad and Tobago<\/option><option value=\"Tunisia\">Tunisia<\/option><option value=\"Turkey\">Turkey<\/option><option value=\"Turkmenistan\">Turkmenistan<\/option><option value=\"Tuvalu\">Tuvalu<\/option><option value=\"Uganda\">Uganda<\/option><option value=\"Ukraine\">Ukraine<\/option><option value=\"United Arab Emirates\">United Arab Emirates<\/option><option value=\"United Kingdom\">United Kingdom<\/option><option value=\"United States of America\">United States of America<\/option><option value=\"Uruguay\">Uruguay<\/option><option value=\"Uzbekistan\">Uzbekistan<\/option><option value=\"Vanuatu\">Vanuatu<\/option><option value=\"Vatican City\">Vatican City<\/option><option value=\"Venezuela\">Venezuela<\/option><option value=\"Vietnam\">Vietnam<\/option><option value=\"Western Sahara\">Western Sahara<\/option><option value=\"Western Samoa\">Western Samoa<\/option><option value=\"Yemen\">Yemen<\/option><option value=\"Zambia\">Zambia<\/option><option value=\"Zimbabwe\">Zimbabwe<\/option><\/select><label for=\"vfb-40-country\">Pays<\/label><\/span><\/div><\/li><li class=\"vfb-item vfb-item-textarea  \" id=\"item-vfb-35\"><label for=\"vfb-35\" class=\"vfb-desc\">Notice biographique, 150 mots maximum <\/label><div><textarea name=\"vfb-35\" id=\"vfb-35\" class=\"vfb-textarea  vfb-medium  \"><\/textarea><\/div><\/li><li class=\"vfb-item vfb-item-file-upload  \" id=\"item-vfb-34\"><label for=\"vfb-34\" class=\"vfb-desc\">T\u00e9l\u00e9charger un document <\/label><input type=\"file\" name=\"vfb-34\" id=\"vfb-34\" value=\"\" class=\"vfb-text  vfb-medium     {accept:'pdf|doc|docx'}\" \/><\/li><li class=\"vfb-item vfb-item-textarea  \" id=\"item-vfb-36\"><label for=\"vfb-36\" class=\"vfb-desc\">Commentaires (optionnel) <\/label><div><textarea name=\"vfb-36\" id=\"vfb-36\" class=\"vfb-textarea  vfb-medium  \"><\/textarea><\/div><\/li><li class=\"vfb-item vfb-item-checkbox  \" id=\"item-vfb-41\"><label class=\"vfb-desc\">J\u2019accepte les conditions et les directives aux auteurs telles qu\u2019indiqu\u00e9es sur le site web de l\u2019ACERMF (http:\/\/carfms.org\/working-paper-series\/ ) * <\/label><div><span class=\"vfb-span\"><input type=\"checkbox\" name=\"vfb-41[]\" id=\"vfb-41-0\" value=\"Accepter\" class=\"vfb-checkbox  \" \/><label for=\"vfb-41-0\" class=\"vfb-choice\">Accepter<\/label><\/span><div style=\"clear:both\"><\/div><\/div><\/li><\/ul>&nbsp;<\/fieldset><fieldset class=\"vfb-fieldset vfb-fieldset-2 verification \" id=\"item-vfb-28\" style=\"display:block\"><div class=\"vfb-legend\"><h3>V\u00e9rification<\/h3><\/div><ul class=\"vfb-section vfb-section-2\"><li class=\"vfb-item vfb-item-secret\"  style=\"display:block\"><label for=\"vfb-29\" class=\"vfb-desc\">S&#039;il vous pla\u00eet entrer les deux chiffres <span class=\"vfb-required-asterisk\">*<\/span><\/label><input type=\"hidden\" name=\"_vfb-secret\" value=\"vfb-29\" \/><span class=\"vfb-span\"><input type=\"text\" name=\"vfb-29\" id=\"vfb-29\" value=\"\" class=\"vfb-text  vfb-medium  required {digits:true,maxlength:2,minlength:2} \" style=\"display:block\" \/><label>Exemple: 12<\/label><\/span><li style=\"display:none;\"><label>Cette bo\u00eete est pour la protection contre le spam - &lt;strong&gt;Veuillez laisser en blanc&lt;\/strong&gt;:<\/label><div><input name=\"vfb-spam\" \/><\/div><\/li>\n\t\t\t<li class=\"vfb-item vfb-item-submit\" id=\"item-vfb-30\">\n\t\t\t\t<input type=\"submit\" name=\"vfb-submit\" id=\"vfb-30\" value=\"Soumettre\" class=\"vfb-submit \" \/>\n\t\t\t\t<\/li><\/ul>\n\t\t\t<\/fieldset><input type=\"hidden\" name=\"_wp_http_referer\" value=\"\/fr\/wp-json\/wp\/v2\/pages\/1634\" \/><\/form><\/div> <!-- .visual-form-builder-container -->\n<p><\/p>","protected":false},"excerpt":{"rendered":"<p>Les articles doivent \u00eatre soumis en ligne. Pri\u00e8re de remplir le formulaire ci-dessous. Les articles soumis seront \u00e9valu\u00e9s par le Comit\u00e9 \u00c9ditorial des Documents de Travail de l\u2019ACERMF. Seuls les auteurs des articles accept\u00e9s pour publication seront contact\u00e9s. Les d\u00e9cisions du Comit\u00e9 \u00c9ditorial sont finales. Les appels ne seront pas consid\u00e9r\u00e9s.<\/p>\n","protected":false},"author":5,"featured_media":0,"parent":1586,"menu_order":0,"comment_status":"closed","ping_status":"closed","template":"","meta":{"ngg_post_thumbnail":0,"footnotes":""},"class_list":["post-1634","page","type-page","status-publish","hentry"],"_links":{"self":[{"href":"https:\/\/carfms.org\/fr\/wp-json\/wp\/v2\/pages\/1634","targetHints":{"allow":["GET"]}}],"collection":[{"href":"https:\/\/carfms.org\/fr\/wp-json\/wp\/v2\/pages"}],"about":[{"href":"https:\/\/carfms.org\/fr\/wp-json\/wp\/v2\/types\/page"}],"author":[{"embeddable":true,"href":"https:\/\/carfms.org\/fr\/wp-json\/wp\/v2\/users\/5"}],"replies":[{"embeddable":true,"href":"https:\/\/carfms.org\/fr\/wp-json\/wp\/v2\/comments?post=1634"}],"version-history":[{"count":0,"href":"https:\/\/carfms.org\/fr\/wp-json\/wp\/v2\/pages\/1634\/revisions"}],"up":[{"embeddable":true,"href":"https:\/\/carfms.org\/fr\/wp-json\/wp\/v2\/pages\/1586"}],"wp:attachment":[{"href":"https:\/\/carfms.org\/fr\/wp-json\/wp\/v2\/media?parent=1634"}],"curies":[{"name":"wp","href":"https:\/\/api.w.org\/{rel}","templated":true}]}}