{"id":213,"date":"2014-11-17T13:08:00","date_gmt":"2014-11-17T18:08:00","guid":{"rendered":"http:\/\/carfms.org\/?page_id=213"},"modified":"2015-11-11T12:48:20","modified_gmt":"2015-11-11T17:48:20","slug":"research-and-papers","status":"publish","type":"page","link":"https:\/\/carfms.org\/fr\/research-and-papers\/","title":{"rendered":"Recherche et Papiers"},"content":{"rendered":"<p><\/p>\n<div id=\"gt-res-content\" class=\"almost_half_cell\">\n<div dir=\"ltr\">\n<p>\u00a0<span id=\"result_box\" class=\"\" lang=\"fr\"><span class=\"hps\">2015<\/span> <span class=\"hps\">Instructions pour la soumission<\/span> <span class=\"hps\">de<\/span> <span class=\"hps\">concours de r\u00e9daction<\/span> <span class=\"hps\">des \u00e9tudiants<\/span> <span class=\"hps\">sont maintenant disponibles<\/span>:<\/span><a href=\"http:\/\/carfms.org\/2015-student-essay-contest\/\"> http:\/\/carfms.org\/2015-student-essay-contest\/<\/a><\/p>\n<p>&nbsp;<\/p>\n<p><span id=\"result_box\" class=\"\" lang=\"fr\"><strong><span class=\"hps\">Laur\u00e9ats du concours de r\u00e9daction ACERMF annuel des \u00e9tudiants dipl\u00f4m\u00e9s<\/span><\/strong><\/span><\/p>\n<p><strong><span class=\"hps\">2013<\/span><\/strong><\/p>\n<p><span class=\"hps\">F\u00e9licitations<\/span> <span class=\"hps\">\u00e0<\/span> <span class=\"hps\">Ana\u00ebl<\/span> <span class=\"hps\">Aram<\/span> <span class=\"hps\">Tchoulfian<\/span> <span class=\"hps\">pour<\/span> <span class=\"hps\">gagner le concours<\/span> <span class=\"hps\">2013<\/span> <span class=\"hps\">de dissertation<\/span>! <span class=\"hps\">Ana\u00ebl<\/span> <span class=\"hps\">est<\/span> <span class=\"hps\">un<\/span> <span class=\"hps\">\u00e9tudiant<\/span> <span class=\"hps\">de troisi\u00e8me cycle \u00e0<\/span> <span class=\"hps\">l&rsquo;Universit\u00e9 de Montr\u00e9al<\/span>.<\/p>\n<p><em> <span class=\"hps\">La Politique<\/span> <span class=\"hps\">d&rsquo;asile<\/span> <span class=\"hps\">Dans<\/span> <span class=\"hps atn\">l&rsquo;<\/span>Union <span class=\"hps\">Europ\u00e9enne<\/span> <span class=\"hps\">face<\/span> <span class=\"hps\">\u00e0<\/span> <span class=\"hps atn\">l&rsquo;<\/span>article <span class=\"hps\">3<\/span> <span class=\"hps\">de la Convention<\/span> <span class=\"hps\">Europ\u00e9enne<\/span> <span class=\"hps\">de la<\/span> <span class=\"hps\">des Droits<\/span> <span class=\"hps\">de l&rsquo;Homme<\/span> <span class=\"hps\">et<\/span> <span class=\"hps\">le<\/span> <span class=\"hps\">Principe<\/span> <span class=\"hps\">de<\/span> <span class=\"hps\">non-refoulement<\/span>: <span class=\"hps\">\u00c9volutions<\/span>, <span class=\"hps\">Doutes<\/span> <span class=\"hps\">et<\/span> <\/em><span class=\"hps\"><em>certitude<\/em>s<\/span> <span class=\"hps\">&#8211;<\/span> <span class=\"hps\">Ana\u00ebl<\/span> <span class=\"hps\">Aram<\/span> <span class=\"hps\">Tchoulfian<\/span>, <span class=\"hps\">Universit\u00e9 de Montr\u00e9al<\/span><\/p>\n<p><span class=\"hps\">Nous f\u00e9licitons \u00e9galement<\/span> <span class=\"hps\">les<\/span> <span class=\"hps\">candidats pr\u00e9s\u00e9lectionn\u00e9s<\/span> <span class=\"hps\">Tanya<\/span> <span class=\"hps\">Aberman<\/span> <span class=\"hps atn\">(<\/span>Universit\u00e9 <span class=\"hps\">York<\/span>) <span class=\"hps\">et<\/span> <span class=\"hps\">Jeewon<\/span> <span class=\"hps\">Min<\/span> <span class=\"hps atn\">(<\/span>Universit\u00e9 de la Colombie-Britannique). <span class=\"hps\">Nous remercions tous ceux<\/span> <span class=\"hps\">qui ont pr\u00e9sent\u00e9<\/span> <span class=\"hps\">\u00e0 ce concours<\/span>.<\/p>\n<p>F<strong><span class=\"hps\">inaliste<\/span><\/strong><\/p>\n<p><a href=\"http:\/\/carfms.org\/wp-content\/uploads\/2014\/11\/North-Korean-Refugee-Status-In-Canada-2013-Essay-Contest-CARFMS-web.pdf\"><em><span class=\"hps\">Protection<\/span> <span class=\"hps\">de substitution<\/span> <span class=\"hps\">au Canada<\/span> <span class=\"hps\">et potentiel<\/span> <span class=\"hps\">nationalit\u00e9 en<\/span> <span class=\"hps\">Cor\u00e9e du Sud<\/span>: <span class=\"hps\">Est-ce qu&rsquo;un<\/span> <span class=\"hps\">demandeur d&rsquo;asile<\/span> <span class=\"hps\">nord-cor\u00e9ens ont<\/span> <span class=\"hps\">un<\/span> <span class=\"hps\">\u00ablien substantiel\u00bb<\/span> <span class=\"hps\">\u00e0<\/span> <span class=\"hps\">la Cor\u00e9e du Sud<\/span>?<\/em><\/a> <span class=\"hps\">&#8211;<\/span> <span class=\"hps\">Jeewon<\/span> <span class=\"hps\">Min<\/span>, <span class=\"hps\">Universit\u00e9 de la Colombie<\/span>-Britannique<\/p>\n<p><a href=\"http:\/\/carfms.org\/wp-content\/uploads\/2014\/11\/Gendered-Perspectives-Tanya-Aberman.pdf\"><em><span class=\"hps\">Perspectives<\/span> <span class=\"hps\">de genre<\/span> <span class=\"hps\">sur la d\u00e9termination<\/span> <span class=\"hps\">du statut de r\u00e9fugi\u00e9<\/span> <span class=\"hps\">au Canada<\/span><\/em><\/a> <span class=\"hps\">&#8211;<\/span> <span class=\"hps\">Tanya<\/span> <span class=\"hps\">Aberman<\/span>, <span class=\"hps\">Universit\u00e9<\/span> <span class=\"hps\">York<\/span><\/p>\n<p><strong><span class=\"hps\">2012<\/span><\/strong><\/p>\n<p><span class=\"hps\">F\u00e9licitations \u00e0<\/span> <span class=\"hps\">Christophe<\/span> <span class=\"hps\">Sevigny<\/span> <span class=\"hps\">pour<\/span> <span class=\"hps\">gagner le concours<\/span> <span class=\"hps\">2012<\/span> <span class=\"hps\">de dissertation<\/span>! <span class=\"hps\">Christophe<\/span> <span class=\"hps\">est<\/span> <span class=\"hps\">un<\/span> <span class=\"hps\">\u00e9tudiant<\/span> <span class=\"hps\">au doctorat au<\/span> <span class=\"hps\">D\u00e9partement de sociologie<\/span> <span class=\"hps\">et d&rsquo;anthropologie de<\/span> <span class=\"hps\">l&rsquo;Universit\u00e9 Carleton<\/span>.<\/p>\n<p><a href=\"http:\/\/carfms.org\/wp-content\/uploads\/2014\/11\/Christophe-Sevigny-Starting-From-Refugees-Themselves.pdf\"><em><span class=\"hps\">\u00c0 partir de<\/span> <span class=\"hps\">r\u00e9fugi\u00e9s eux-m\u00eames<\/span>: <span class=\"hps\">Esquisse pour<\/span> <span class=\"hps\">une<\/span> <span class=\"hps\">ethnographie institutionnelle<\/span> <span class=\"hps\">de r\u00e9installation des r\u00e9fugi\u00e9s<\/span><\/em><\/a> <span class=\"hps\">&#8211;<\/span> <span class=\"hps\">Christophe<\/span> <span class=\"hps\">Sevigny<\/span>, <span class=\"hps\">Universit\u00e9<\/span> <span class=\"hps\">Carleton<\/span><\/p>\n<p><span class=\"hps\">2011<\/span><\/p>\n<p><span class=\"hps\">F\u00e9licitations \u00e0<\/span> <span class=\"hps\">Justin<\/span> <span class=\"hps\">Mohammed<\/span> <span class=\"hps\">pour gagner<\/span> <span class=\"hps\">le<\/span> <span class=\"hps\">concours de r\u00e9daction<\/span> <span class=\"hps\">2011<\/span> <span class=\"hps\">et<\/span> <span class=\"hps\">finaliste<\/span>, <span class=\"hps\">Andrea<\/span> <span class=\"hps\">Clegg<\/span>.<\/p>\n<p><a href=\"http:\/\/carfms.org\/wp-content\/uploads\/2014\/11\/Mohammed.ExclusionRefugeeLaw.doc.pdf\"><em> <span class=\"hps\">Exclusion<\/span> <span class=\"hps\">en<\/span> <span class=\"hps\">droit international des r\u00e9fugi\u00e9s<\/span>: <span class=\"hps\">Principes<\/span> <span class=\"hps\">du 20e si\u00e8cle<\/span> <span class=\"hps\">pour la pratique<\/span> <span class=\"hps\">21\u00e8me si\u00e8cle<\/span>?<\/em><\/a> <span class=\"hps\">&#8211;<\/span> <span class=\"hps\">Justin<\/span> <span class=\"hps\">Mohammed<\/span><\/p>\n<p><strong>F<span class=\"hps\">inaliste<\/span><\/strong><\/p>\n<p><a href=\"http:\/\/carfms.org\/wp-content\/uploads\/2014\/11\/CARFMS-Essay-contest-submission-Andrea-Clegg.pdf\"><em><span class=\"hps\">Un<\/span> <span class=\"hps\">toit<\/span>, <span class=\"hps\">un Droit<\/span>: <span class=\"hps\">les demandeurs d&rsquo;asile<\/span> <span class=\"hps\">et<\/span> <span class=\"hps\">le droit au logement<\/span> <span class=\"hps\">social<\/span><\/em><\/a> <span class=\"hps\">&#8211;<\/span> <span class=\"hps\">Andrea<\/span> <span class=\"hps\">Clegg<\/span>, <span class=\"hps\">Universit\u00e9<\/span> <span class=\"hps\">McGill<\/span><\/p>\n<\/div>\n<\/div>\n<p>&nbsp;<\/p>\n<\/p>\n<p><\/p>","protected":false},"excerpt":{"rendered":"<p>\u00a02015 Instructions pour la soumission de concours de r\u00e9daction des \u00e9tudiants sont maintenant disponibles: http:\/\/carfms.org\/2015-student-essay-contest\/ &nbsp; Laur\u00e9ats du concours de r\u00e9daction ACERMF annuel des \u00e9tudiants dipl\u00f4m\u00e9s 2013 F\u00e9licitations \u00e0 Ana\u00ebl Aram Tchoulfian pour gagner le concours 2013 de dissertation! Ana\u00ebl est un \u00e9tudiant de troisi\u00e8me cycle \u00e0 l&rsquo;Universit\u00e9 de Montr\u00e9al. La Politique d&rsquo;asile Dans l&rsquo;Union Europ\u00e9enne face \u00e0 l&rsquo;article 3 de la Convention Europ\u00e9enne de la des Droits de l&rsquo;Homme et le Principe de non-refoulement:&#8230;<\/p>\n","protected":false},"author":3,"featured_media":0,"parent":0,"menu_order":0,"comment_status":"closed","ping_status":"open","template":"","meta":{"ngg_post_thumbnail":0,"footnotes":""},"class_list":["post-213","page","type-page","status-publish","hentry"],"_links":{"self":[{"href":"https:\/\/carfms.org\/fr\/wp-json\/wp\/v2\/pages\/213","targetHints":{"allow":["GET"]}}],"collection":[{"href":"https:\/\/carfms.org\/fr\/wp-json\/wp\/v2\/pages"}],"about":[{"href":"https:\/\/carfms.org\/fr\/wp-json\/wp\/v2\/types\/page"}],"author":[{"embeddable":true,"href":"https:\/\/carfms.org\/fr\/wp-json\/wp\/v2\/users\/3"}],"replies":[{"embeddable":true,"href":"https:\/\/carfms.org\/fr\/wp-json\/wp\/v2\/comments?post=213"}],"version-history":[{"count":0,"href":"https:\/\/carfms.org\/fr\/wp-json\/wp\/v2\/pages\/213\/revisions"}],"wp:attachment":[{"href":"https:\/\/carfms.org\/fr\/wp-json\/wp\/v2\/media?parent=213"}],"curies":[{"name":"wp","href":"https:\/\/api.w.org\/{rel}","templated":true}]}}