{"id":2170,"date":"2016-05-27T20:56:53","date_gmt":"2016-05-28T00:56:53","guid":{"rendered":"http:\/\/carfms.org\/?page_id=2170"},"modified":"2016-12-02T12:34:29","modified_gmt":"2016-12-02T17:34:29","slug":"call-for-papers","status":"publish","type":"page","link":"https:\/\/carfms.org\/fr\/conferences\/10th-annual-conference\/call-for-papers\/","title":{"rendered":"Appel \u00c0 Contributions"},"content":{"rendered":"<p><\/p>\n<h2>Corridors Oubli\u00e9s:&nbsp;Le d\u00e9placement mondial et la politique d\u2019engagement<\/h2>\n<p><strong>10\u00e8me Conf\u00e9rence annuelle de l\u2019Association Canadienne d\u2019\u00c9tudes sur les R\u00e9fugi\u00e9s et la Migration Forc\u00e9e (ACERMF)<\/strong><\/p>\n<p><strong>Organis\u00e9e par<\/strong><\/p>\n<p><strong>Centre d\u2019Initiatives pour l\u2019Asie-Pacifique, Universit\u00e9 de Victoria<\/strong><\/p>\n<p><strong>\u00e0<\/strong><\/p>\n<p><strong>Victoria,&nbsp;BC, CANADA<\/strong><\/p>\n<p><strong>Mai 15-18, 2017me<\/strong><\/p>\n<p><a href=\"http:\/\/carfms.org\/wp-content\/uploads\/2016\/05\/CARFMS_CFP_Update.pdf\" target=\"_blank\">Appel \u00e0 Contributions<\/a>&nbsp;(PDF)<\/p>\n<p>La date limite pour la soumission des propositions abstraites est maintenant pass\u00e9e.<\/p>\n<p><a href=\"http:\/\/www.uvic.ca\/research\/centres\/capi\/migration-mobility\/home\/CARFMS17\/index.php\" target=\"_blank\">Site internet<\/a><\/p>\n<p>On n\u2019a jamais observ\u00e9 dans l\u2019histoire moderne un si grand nombre de<br \/>\n personnes forc\u00e9es \u00e0 quitter leurs foyers \u00e0 la recherch\u00e9 d\u2019une residence, permanente ou temporaire, \u00e0 l\u2019\u00e9tranger. Selon le Rapport du HCR du premier semestre 2015, le nombre de personnes d\u00e9racin\u00e9es \u00e0 la fin 2015, \u00e0 la suite des pers\u00e9cutions, des conflits, des violences ou des violations g\u00e9n\u00e9ralis\u00e9es de droits humains, \u00e9tait 65.3 millions.<\/p>\n<p>En Occident l\u2019attention est attir\u00e9e par le flux de r\u00e9fugi\u00e9s qui quittent leurs maisons \u00e0 cause de guerre et arrivent sur les c\u00f4tes m\u00e9diterran\u00e9ennes. Cependant, beaucoup de r\u00e9fugi\u00e9s sont n\u00e9glig\u00e9s ou oubli\u00e9s; ils prennent les routes moins surveill\u00e9es vers la destination temporaire dans les centres de d\u00e9tentions, les camps de r\u00e9fugi\u00e9s ou les maisons provisoires. Ces types d\u2019h\u00e9bergement temporaire masquent la vraie situation de millions de r\u00e9fugi\u00e9s et demandent notre attention et notre engagement pour transformer effectivement leur vie.<\/p>\n<p>Le Centre d\u2019Initiative pour l\u2019Asie-Pacifique de l\u2019Universit\u00e9 de Victoria (www. uvic.ca\/capi) accuiellera la 10i\u00e8me conf\u00e9rence annuelle de l\u2019ACERMF du 15 au 18 mai 2017 \u00e0 Victoria, C.-B. L\u2019ACERMF17 invite des chercheurs, des repr\u00e9sentants gouvernementaux, des activists d\u2019horizions disciplinaires et de r\u00e9gions diff\u00e9rentes et particuli\u00e8rment les personnes avec l\u2019exp\u00e9rience peu connue pour discuter du d\u00e9placement global. Nous encourageons les producteurs et les cin\u00e9astes \u00e0 soumettre leurs documantaires vid\u00e9o.<\/p>\n<p>INSTRUCTIONS DE SOUMISSIONS<\/p>\n<p>Les propositions doivent etre soumises via le <a href=\"http:\/\/tinyurl.com\/hm4p429\" target=\"_blank\">site internet<\/a>.<\/p>\n<ul>\n<li>Nom de participant(e,s)<\/li>\n<li>Institution(s) ou Organisation(s) affili\u00e9e(s)<\/li>\n<li>Courriel pour communication<\/li>\n<li>Titre d\u2019essai, d\u2019atelier ou panel<\/li>\n<li>R\u00e9sum\u00e9 de la proposition (200 mots maximum)<\/li>\n<li>Pour les propositions de panel, veuillez soumettre la motivation de panel avec le titre et le r\u00e9sum\u00e9 de chaque essai.<\/li>\n<\/ul>\n<p>TH\u00c8MES PRINCIPAUX<\/p>\n<ul>\n<li>(Im)mobilit\u00e9 sociale<\/li>\n<li>Politique d\u2019engagement<\/li>\n<li>D\u00e9placement et resurgence<\/li>\n<li>Relations sociales, networks et affection<\/li>\n<li>Rencontres transformatrices<\/li>\n<li>R\u00e9sistance intelligente<\/li>\n<li>Colonialisme, imp\u00e9rialisme et mobilit\u00e9 sociale<\/li>\n<li>D\u00e9gradation environnementale Mobilit\u00e9 sociale force et contremouvement<\/li>\n<\/ul>\n<p>Les tables seront disponibles pour les organizations et\/ou les causes li\u00e9es \u00e0 la Conf\u00e9rence pour la d\u00e9monstration de mat\u00e9riels. Veuillez soumettre l\u2019esquisse de votre organization, des mat\u00e9riels que vous voulez exposer et la disponibilit\u00e9 d\u2019avoir un(e) repr\u00e9sentant(e) qui pourra r\u00e9pondre aux questions des participant(e)s.<\/p>\n<p><\/p>","protected":false},"excerpt":{"rendered":"<p>Corridors Oubli\u00e9s:&nbsp;Le d\u00e9placement mondial et la politique d\u2019engagement 10\u00e8me Conf\u00e9rence annuelle de l\u2019Association Canadienne d\u2019\u00c9tudes sur les R\u00e9fugi\u00e9s et la Migration Forc\u00e9e (ACERMF) Organis\u00e9e par Centre d\u2019Initiatives pour l\u2019Asie-Pacifique, Universit\u00e9 de Victoria \u00e0 Victoria,&nbsp;BC, CANADA Mai 15-18, 2017me Appel \u00e0 Contributions&nbsp;(PDF) La date limite pour la soumission des propositions abstraites est maintenant pass\u00e9e. Site internet On n\u2019a jamais observ\u00e9 dans l\u2019histoire moderne un si grand nombre de personnes forc\u00e9es \u00e0 quitter leurs foyers \u00e0 la&#8230;<\/p>\n","protected":false},"author":5,"featured_media":0,"parent":2157,"menu_order":0,"comment_status":"closed","ping_status":"closed","template":"","meta":{"ngg_post_thumbnail":0,"footnotes":""},"class_list":["post-2170","page","type-page","status-publish","hentry"],"_links":{"self":[{"href":"https:\/\/carfms.org\/fr\/wp-json\/wp\/v2\/pages\/2170","targetHints":{"allow":["GET"]}}],"collection":[{"href":"https:\/\/carfms.org\/fr\/wp-json\/wp\/v2\/pages"}],"about":[{"href":"https:\/\/carfms.org\/fr\/wp-json\/wp\/v2\/types\/page"}],"author":[{"embeddable":true,"href":"https:\/\/carfms.org\/fr\/wp-json\/wp\/v2\/users\/5"}],"replies":[{"embeddable":true,"href":"https:\/\/carfms.org\/fr\/wp-json\/wp\/v2\/comments?post=2170"}],"version-history":[{"count":0,"href":"https:\/\/carfms.org\/fr\/wp-json\/wp\/v2\/pages\/2170\/revisions"}],"up":[{"embeddable":true,"href":"https:\/\/carfms.org\/fr\/wp-json\/wp\/v2\/pages\/2157"}],"wp:attachment":[{"href":"https:\/\/carfms.org\/fr\/wp-json\/wp\/v2\/media?parent=2170"}],"curies":[{"name":"wp","href":"https:\/\/api.w.org\/{rel}","templated":true}]}}