{"id":3230,"date":"2017-11-01T21:26:05","date_gmt":"2017-11-02T01:26:05","guid":{"rendered":"http:\/\/carfms.org\/?page_id=3230"},"modified":"2019-05-25T12:05:35","modified_gmt":"2019-05-25T16:05:35","slug":"11th-annual-conference","status":"publish","type":"page","link":"https:\/\/carfms.org\/fr\/conferences\/11th-annual-conference\/","title":{"rendered":"ACERMF18"},"content":{"rendered":"<p><\/p>\n<h2>Dialogue au-del\u00e0 des fronti\u00e8res<\/h2>\n<p><strong>Universit\u00e9 Carleton, du 22 au 25 mai 2018<\/strong><\/p>\n<p>L\u2019Association canadienne d\u2019\u00e9tudes sur les r\u00e9fugi\u00e9s et la migration forc\u00e9e a \u0153uvr\u00e9 pour encourager des formes de recherche qui soient \u00e0 la fois disciplinaires, multidisciplinaires, interdisciplinaires et codisciplinaires, ainsi que pour int\u00e9grer dans les \u00e9tudes, de diverses mani\u00e8res, des \u00e9l\u00e9ments de politiques et de pratiques concernant le d\u00e9placement. Elle envisage aussi, et souvent inclut directement, les points de vue et l\u2019exp\u00e9rience des personnes et des groupes d\u00e9plac\u00e9s. Les acteurs de ce domaine d\u2019\u00e9tudes aspirent ainsi \u00e0 s\u2019exprimer au-del\u00e0 des fronti\u00e8res et limites diverses qui peuvent contraindre le dialogue.<\/p>\n<p>Quels ont \u00e9t\u00e9 les d\u00e9fis et les avantages de ces formes vari\u00e9es de dialogue ? Comment pouvons-nous, de mani\u00e8re individuelle ou collective, promouvoir des dialogues plus constructifs entre les disciplines, avec les personnes d\u00e9plac\u00e9es, et entre les communaut\u00e9s de chercheurs, de politiques et de praticiens ? Comment un tel dialogue peut-il favoriser une am\u00e9lioration de la protection, de l\u2019assistance et des solutions destin\u00e9es aux personnes d\u00e9plac\u00e9es et promues avec elles ?<\/p>\n<p><\/p>","protected":false},"excerpt":{"rendered":"<p>Dialogue au-del\u00e0 des fronti\u00e8res Universit\u00e9 Carleton, du 22 au 25 mai 2018 L\u2019Association canadienne d\u2019\u00e9tudes sur les r\u00e9fugi\u00e9s et la migration forc\u00e9e a \u0153uvr\u00e9 pour encourager des formes de recherche qui soient \u00e0 la fois disciplinaires, multidisciplinaires, interdisciplinaires et codisciplinaires, ainsi que pour int\u00e9grer dans les \u00e9tudes, de diverses mani\u00e8res, des \u00e9l\u00e9ments de politiques et de pratiques concernant le d\u00e9placement. Elle envisage aussi, et souvent inclut directement, les points de vue et l\u2019exp\u00e9rience des personnes&#8230;<\/p>\n","protected":false},"author":5,"featured_media":0,"parent":295,"menu_order":0,"comment_status":"closed","ping_status":"closed","template":"","meta":{"ngg_post_thumbnail":0,"footnotes":""},"class_list":["post-3230","page","type-page","status-publish","hentry"],"_links":{"self":[{"href":"https:\/\/carfms.org\/fr\/wp-json\/wp\/v2\/pages\/3230","targetHints":{"allow":["GET"]}}],"collection":[{"href":"https:\/\/carfms.org\/fr\/wp-json\/wp\/v2\/pages"}],"about":[{"href":"https:\/\/carfms.org\/fr\/wp-json\/wp\/v2\/types\/page"}],"author":[{"embeddable":true,"href":"https:\/\/carfms.org\/fr\/wp-json\/wp\/v2\/users\/5"}],"replies":[{"embeddable":true,"href":"https:\/\/carfms.org\/fr\/wp-json\/wp\/v2\/comments?post=3230"}],"version-history":[{"count":0,"href":"https:\/\/carfms.org\/fr\/wp-json\/wp\/v2\/pages\/3230\/revisions"}],"up":[{"embeddable":true,"href":"https:\/\/carfms.org\/fr\/wp-json\/wp\/v2\/pages\/295"}],"wp:attachment":[{"href":"https:\/\/carfms.org\/fr\/wp-json\/wp\/v2\/media?parent=3230"}],"curies":[{"name":"wp","href":"https:\/\/api.w.org\/{rel}","templated":true}]}}