{"id":39344,"date":"2018-10-22T10:12:22","date_gmt":"2018-10-22T14:12:22","guid":{"rendered":"http:\/\/carfms.org\/?page_id=39344"},"modified":"2018-10-22T10:13:50","modified_gmt":"2018-10-22T14:13:50","slug":"principles-and-rules","status":"publish","type":"page","link":"https:\/\/carfms.org\/fr\/carfms-blog\/principles-and-rules\/","title":{"rendered":"Principes et r\u00e8gles du Blogue de l\u2019ACERMF"},"content":{"rendered":"<p><\/p>\n<p>Le Blogue de l\u2019ACERMF est uniquement destin\u00e9 aux membres de l\u2019ACERMF, et est seulement accessible aux membres qui ont acc\u00e8s au <a href=\"http:\/\/rfmsot.apps01.yorku.ca\/prc\/\" data-slimstat=\"5\">Forum des Praticiens (FP)<\/a> et sont inscrits sur le FP. Si vous souhaitez contribuer au Blogue de l\u2019ACERMF, vous devez \u00eatre membre en r\u00e8gle de l\u2019ACERMF, et devez respecter les principes et les r\u00e8gles de ce Blogue.<\/p>\n<p>Voici quelques r\u00e8gles de base que vous devrez toujours suivre lors de toute soumission pour le Blogue de l\u2019ACERMF, que ce soient des articles d\u2019opinion, des textes courts, des notes d\u2019orientation, des notes d\u2019atelier, des r\u00e9sultats de recherche, des documents de prise de position, etc.<\/p>\n<p>Les soumissions qui ne r\u00e9pondent pas aux principes de l\u2019ACERMF, tels qu\u2019\u00e9tablis dans sa vision, sa mission et son mandat, d\u00e9taill\u00e9s dans son <a href=\"http:\/\/carfms.org\/bylaws\/\" data-slimstat=\"5\">r\u00e8glement int\u00e9rieur<\/a>, ou sont incompatibles avec les r\u00e8gles suivantes, ne seront pas post\u00e9es sur le Blogue de l\u2019ACERMF.<\/p>\n<ol>\n<li>Les soumissions pour le Blogue de l\u2019ACERMF doivent \u00eatre en format Word et ne doivent pas d\u00e9passer 1500 mots (la moyenne est comprise entre 600 et 1000 mots), \u00e0 l\u2019exclusion des r\u00e9f\u00e9rences.<\/li>\n<li>Toutes les soumissions doivent \u00eatre r\u00e9dig\u00e9es clairement et en langage accessible pour tous; elles doivent \u00eatre correctement format\u00e9es, avec pagination correcte, et \u00eatre d\u00e9nu\u00e9es de fautes de grammaire ou de ponctuation.<\/li>\n<li>Au besoin, les r\u00e9f\u00e9rences et sources doivent \u00eatre correctement cit\u00e9es dans la soumission.<\/li>\n<li>Toutes les soumissions doivent \u00eatre fond\u00e9es sur une argumentation logique, et \u00e9tay\u00e9es par des preuves fiables et dignes de confiance.<\/li>\n<li>Toutes les soumissions doivent \u00eatre r\u00e9dig\u00e9es de mani\u00e8re respectueuse, temp\u00e9r\u00e9e, inclusive et sensible culturellement.<\/li>\n<li>Les soumissions peuvent porter sur un sujet qui traite et est pertinent pour s\u2019agissant des r\u00e9fugi\u00e9s et de la migration forc\u00e9e.<\/li>\n<li>Les soumissions qui sont consid\u00e9r\u00e9s comme inappropri\u00e9s et \/ ou non professionnelles ne seront pas publi\u00e9s sur le Blogue de l\u2019ACERMF.<\/li>\n<li>La d\u00e9cision du Comit\u00e9 du Blogue de l\u2019ACERMF sera d\u00e9finitive.<\/li>\n<\/ol>\n<p><b>* Merci de bien vouloir noter <\/b><b><i>que tout ce qui est exprim\u00e9 sur le blogue de l\u2019ACERMF ne refl\u00e8te pas n\u00e9cessairement les choix, positions, opinions ou points de vue de l\u2019Association ACERMF dans son ensemble.<\/i><\/b><\/p>\n<p><\/p>","protected":false},"excerpt":{"rendered":"<p>Le Blogue de l\u2019ACERMF est uniquement destin\u00e9 aux membres de l\u2019ACERMF, et est seulement accessible aux membres qui ont acc\u00e8s au Forum des Praticiens (FP) et sont inscrits sur le FP. Si vous souhaitez contribuer au Blogue de l\u2019ACERMF, vous devez \u00eatre membre en r\u00e8gle de l\u2019ACERMF, et devez respecter les principes et les r\u00e8gles de ce Blogue. Voici quelques r\u00e8gles de base que vous devrez toujours suivre lors de toute soumission pour le Blogue&#8230;<\/p>\n","protected":false},"author":5,"featured_media":0,"parent":39339,"menu_order":0,"comment_status":"closed","ping_status":"closed","template":"","meta":{"ngg_post_thumbnail":0,"footnotes":""},"class_list":["post-39344","page","type-page","status-publish","hentry"],"_links":{"self":[{"href":"https:\/\/carfms.org\/fr\/wp-json\/wp\/v2\/pages\/39344","targetHints":{"allow":["GET"]}}],"collection":[{"href":"https:\/\/carfms.org\/fr\/wp-json\/wp\/v2\/pages"}],"about":[{"href":"https:\/\/carfms.org\/fr\/wp-json\/wp\/v2\/types\/page"}],"author":[{"embeddable":true,"href":"https:\/\/carfms.org\/fr\/wp-json\/wp\/v2\/users\/5"}],"replies":[{"embeddable":true,"href":"https:\/\/carfms.org\/fr\/wp-json\/wp\/v2\/comments?post=39344"}],"version-history":[{"count":0,"href":"https:\/\/carfms.org\/fr\/wp-json\/wp\/v2\/pages\/39344\/revisions"}],"up":[{"embeddable":true,"href":"https:\/\/carfms.org\/fr\/wp-json\/wp\/v2\/pages\/39339"}],"wp:attachment":[{"href":"https:\/\/carfms.org\/fr\/wp-json\/wp\/v2\/media?parent=39344"}],"curies":[{"name":"wp","href":"https:\/\/api.w.org\/{rel}","templated":true}]}}