{"id":39350,"date":"2018-10-22T10:21:36","date_gmt":"2018-10-22T14:21:36","guid":{"rendered":"http:\/\/carfms.org\/?page_id=39350"},"modified":"2018-10-22T10:22:32","modified_gmt":"2018-10-22T14:22:32","slug":"suggestions-for-improvements","status":"publish","type":"page","link":"https:\/\/carfms.org\/fr\/carfms-blog\/suggestions-for-improvements\/","title":{"rendered":"Suggestions pour am\u00e9liorer"},"content":{"rendered":"<p><\/p>\n<h3>Suggestions pour am\u00e9liorer le Blogue de l\u2019ACERMF<\/h3>\n<p>Merci de nous envoyer vos suggestions et id\u00e9es pour am\u00e9liorer le Blogue de l\u2019ACERMF. Nous serons heureux de recevoir des id\u00e9es constructives sur la fa\u00e7on dont le Blogue de l\u2019ACERMF pourrait \u00eatre bonifi\u00e9 et perfectionn\u00e9.<\/p>\n<p>Merci d\u2019envoyer vos suggestions \u00e0 : Dr. Bruno Dupeyron, [<a href=\"mailto:Bruno.Dupeyron@uregina.ca\" data-slimstat=\"5\">Bruno.Dupeyron@uregina.ca<\/a>]<\/p>\n<p><\/p>","protected":false},"excerpt":{"rendered":"<p>Suggestions pour am\u00e9liorer le Blogue de l\u2019ACERMF Merci de nous envoyer vos suggestions et id\u00e9es pour am\u00e9liorer le Blogue de l\u2019ACERMF. Nous serons heureux de recevoir des id\u00e9es constructives sur la fa\u00e7on dont le Blogue de l\u2019ACERMF pourrait \u00eatre bonifi\u00e9 et perfectionn\u00e9. Merci d\u2019envoyer vos suggestions \u00e0 : Dr. Bruno Dupeyron, [Bruno.Dupeyron@uregina.ca]<\/p>\n","protected":false},"author":5,"featured_media":0,"parent":39339,"menu_order":0,"comment_status":"closed","ping_status":"closed","template":"","meta":{"ngg_post_thumbnail":0,"footnotes":""},"class_list":["post-39350","page","type-page","status-publish","hentry"],"_links":{"self":[{"href":"https:\/\/carfms.org\/fr\/wp-json\/wp\/v2\/pages\/39350","targetHints":{"allow":["GET"]}}],"collection":[{"href":"https:\/\/carfms.org\/fr\/wp-json\/wp\/v2\/pages"}],"about":[{"href":"https:\/\/carfms.org\/fr\/wp-json\/wp\/v2\/types\/page"}],"author":[{"embeddable":true,"href":"https:\/\/carfms.org\/fr\/wp-json\/wp\/v2\/users\/5"}],"replies":[{"embeddable":true,"href":"https:\/\/carfms.org\/fr\/wp-json\/wp\/v2\/comments?post=39350"}],"version-history":[{"count":0,"href":"https:\/\/carfms.org\/fr\/wp-json\/wp\/v2\/pages\/39350\/revisions"}],"up":[{"embeddable":true,"href":"https:\/\/carfms.org\/fr\/wp-json\/wp\/v2\/pages\/39339"}],"wp:attachment":[{"href":"https:\/\/carfms.org\/fr\/wp-json\/wp\/v2\/media?parent=39350"}],"curies":[{"name":"wp","href":"https:\/\/api.w.org\/{rel}","templated":true}]}}