{"id":39406,"date":"2018-10-24T11:30:27","date_gmt":"2018-10-24T15:30:27","guid":{"rendered":"http:\/\/carfms.org\/?page_id=39406"},"modified":"2019-05-08T16:58:28","modified_gmt":"2019-05-08T20:58:28","slug":"12th-annual-conference","status":"publish","type":"page","link":"https:\/\/carfms.org\/fr\/conferences\/12th-annual-conference\/","title":{"rendered":"12e conf\u00e9rence annuelle de l&rsquo;Association canadienne pour les \u00e9tudes sur les r\u00e9fugi\u00e9s et les migrations forc\u00e9es (ACERMF)"},"content":{"rendered":"<p><\/p>\n<h1><strong><a href=\"http:\/\/carfms.org\/wp-content\/uploads\/2019\/05\/CARFMS19-Poster.jpg\"><img loading=\"lazy\" decoding=\"async\" class=\"size-medium wp-image-39725 alignleft\" src=\"http:\/\/carfms.org\/wp-content\/uploads\/2019\/05\/CARFMS19-Poster-182x300.jpg\" alt=\"\" width=\"182\" height=\"300\" srcset=\"https:\/\/carfms.org\/wp-content\/uploads\/2019\/05\/CARFMS19-Poster-182x300.jpg 182w, https:\/\/carfms.org\/wp-content\/uploads\/2019\/05\/CARFMS19-Poster-768x1265.jpg 768w, https:\/\/carfms.org\/wp-content\/uploads\/2019\/05\/CARFMS19-Poster-622x1024.jpg 622w, https:\/\/carfms.org\/wp-content\/uploads\/2019\/05\/CARFMS19-Poster.jpg 1275w\" sizes=\"auto, (max-width: 182px) 100vw, 182px\" \/><\/a>ACERMF 2019: <\/strong><strong>Interroger L&rsquo;Int<\/strong>\u00e9<strong>gration<\/strong><\/h1>\n<p>Universit\u00e9 York, Toronto<strong><br \/>\n<\/strong><strong>Du 14 au 16 mai 2019<\/strong><\/p>\n<p>L\u2019int\u00e9gration est un concept contest\u00e9, plus particuli\u00e8rement dans le domaine des \u00e9tudes sur les r\u00e9fugi\u00e9s et la migration forc\u00e9e. D\u00e9crivant le fait de combiner des parties distinctes en un tout, le terme d\u2019int\u00e9gration a tendance \u00e0 promouvoir l\u2019inclusion des migrants dans les communaut\u00e9s politiques, le m\u00e9lange de points de vue vari\u00e9s, et des r\u00e9gimes de gouvernance mondiale plus progressistes. Mais la notion d\u2019int\u00e9gration est \u00e9galement associ\u00e9e \u00e0 des processus d\u2019exclusion. Les fronti\u00e8res politiques des \u00c9tats reposent sur les pratiques coloniales et des cat\u00e9gories de pens\u00e9e qui laissent peu de place aux perspectives autochtones. L\u2019harmonisation r\u00e9gionale des lois et des politiques des \u00c9tats en mati\u00e8re de contr\u00f4le des fronti\u00e8res, d\u2019interdiction, de migration \u00e9conomique et d\u2019asile renforce le caract\u00e8re conditionnel de l\u2019adh\u00e9sion politique \u00e0 la citoyennet\u00e9. L\u2019int\u00e9gration met \u00e9galement en lumi\u00e8re les tensions constantes entre l\u2019unit\u00e9 et la diversit\u00e9 au sein des diverses communaut\u00e9s politiques et entre elles.<\/p>\n<p>ACERMF 2019 r\u00e9unira des universitaires, des praticiens et des personnes ayant une exp\u00e9rience v\u00e9cue de la migration forc\u00e9e afin de r\u00e9fl\u00e9chir sur les significations et les voies de l\u2019int\u00e9gration. ACERMF 2019 sollicite des candidatures pour des panels, ateliers, sessions, pr\u00e9sentations et d\u00e9monstrations innovantes sur les th\u00e8mes suivants:<\/p>\n<ol>\n<li>Comment d\u00e9finissons-nous, soutenons-nous et \u00e9valuons-nous l\u2019int\u00e9gration des r\u00e9fugi\u00e9s dans les communaut\u00e9s?<\/li>\n<li>Comment int\u00e9grons-nous et comment devrions-nous int\u00e9grer les politiques et les pratiques en mati\u00e8re de mobilit\u00e9 humaine?<\/li>\n<li>Comment pouvons-nous soutenir les \u00e9tudes postcoloniales sur les r\u00e9fugi\u00e9s en ce qui concerne l\u2019appartenance \u00e0 une communaut\u00e9 politique, en mettant l\u2019accent sur les perspectives autochtones et l\u2019exp\u00e9rience des migrants?<\/li>\n<li>Comment pouvons-nous int\u00e9grer les connaissances et les pratiques locales de mani\u00e8re constructive?<\/li>\n<\/ol>\n<p><a href=\"https:\/\/maps.info.yorku.ca\/transit-driving-directions\/\">Directions pour York<\/a><\/p>\n<p><\/p>","protected":false},"excerpt":{"rendered":"<p>ACERMF 2019: Interroger L&rsquo;Int\u00e9gration Universit\u00e9 York, Toronto Du 14 au 16 mai 2019 L\u2019int\u00e9gration est un concept contest\u00e9, plus particuli\u00e8rement dans le domaine des \u00e9tudes sur les r\u00e9fugi\u00e9s et la migration forc\u00e9e. D\u00e9crivant le fait de combiner des parties distinctes en un tout, le terme d\u2019int\u00e9gration a tendance \u00e0 promouvoir l\u2019inclusion des migrants dans les communaut\u00e9s politiques, le m\u00e9lange de points de vue vari\u00e9s, et des r\u00e9gimes de gouvernance mondiale plus progressistes. Mais la notion&#8230;<\/p>\n","protected":false},"author":3,"featured_media":0,"parent":295,"menu_order":0,"comment_status":"closed","ping_status":"closed","template":"","meta":{"ngg_post_thumbnail":0,"footnotes":""},"class_list":["post-39406","page","type-page","status-publish","hentry"],"_links":{"self":[{"href":"https:\/\/carfms.org\/fr\/wp-json\/wp\/v2\/pages\/39406","targetHints":{"allow":["GET"]}}],"collection":[{"href":"https:\/\/carfms.org\/fr\/wp-json\/wp\/v2\/pages"}],"about":[{"href":"https:\/\/carfms.org\/fr\/wp-json\/wp\/v2\/types\/page"}],"author":[{"embeddable":true,"href":"https:\/\/carfms.org\/fr\/wp-json\/wp\/v2\/users\/3"}],"replies":[{"embeddable":true,"href":"https:\/\/carfms.org\/fr\/wp-json\/wp\/v2\/comments?post=39406"}],"version-history":[{"count":0,"href":"https:\/\/carfms.org\/fr\/wp-json\/wp\/v2\/pages\/39406\/revisions"}],"up":[{"embeddable":true,"href":"https:\/\/carfms.org\/fr\/wp-json\/wp\/v2\/pages\/295"}],"wp:attachment":[{"href":"https:\/\/carfms.org\/fr\/wp-json\/wp\/v2\/media?parent=39406"}],"curies":[{"name":"wp","href":"https:\/\/api.w.org\/{rel}","templated":true}]}}