{"id":474,"date":"2015-02-10T21:10:03","date_gmt":"2015-02-11T02:10:03","guid":{"rendered":"http:\/\/carfms.org\/?page_id=474"},"modified":"2015-11-03T22:49:47","modified_gmt":"2015-11-04T03:49:47","slug":"8th-annual-conference","status":"publish","type":"page","link":"https:\/\/carfms.org\/fr\/conferences\/8th-annual-conference\/","title":{"rendered":"8\u00e8me Conf\u00e9rence annuelle de l\u2019Association Canadienne des \u00c9tudes sur les R\u00e9fugi\u00e9s et la Migration Forc\u00e9e (ACERMF)"},"content":{"rendered":"<p><\/p>\n<p><a href=\"http:\/\/carfms.org\/wp-content\/uploads\/2015\/01\/conf-fr2.jpg\"><img loading=\"lazy\" decoding=\"async\" class=\"alignnone size-full wp-image-412\" src=\"http:\/\/carfms.org\/wp-content\/uploads\/2015\/01\/conf-fr2.jpg\" alt=\"t\u00eate de conf\u00e9rence\" width=\"838\" height=\"255\" srcset=\"https:\/\/carfms.org\/wp-content\/uploads\/2015\/01\/conf-fr2.jpg 838w, https:\/\/carfms.org\/wp-content\/uploads\/2015\/01\/conf-fr2-300x91.jpg 300w\" sizes=\"auto, (max-width: 838px) 100vw, 838px\" \/><\/a><\/p>\n<h2><em>ACERFM15:\u00a0Promouvoir la Protection et Favoriser le Sentiment d\u2019Appartenance \u00e0 l\u2019\u00c8re de la Criminalisation des Migrations<\/em><\/h2>\n<p>Organis\u00e9 par le D\u00e9partement de Criminologie, Universit\u00e9 Ryerson, en collaboration avec le Centre Ryerson pour l&rsquo;Immigration et le R\u00e8glement (CRIR)<\/p>\n<p>Toronto, Ontario, Canada<br \/><em>13-15 May 2015<\/em><\/p>\n<p>Les \u00c9tats membres des Nations Unies ont r\u00e9cemment affirm\u00e9 la n\u00e9cessit\u00e9 de promouvoir et de prot\u00e9ger de mani\u00e8re effective les droits humains et les libert\u00e9s fondamentales de toute personne, ind\u00e9pendamment de son statut migratoire. De m\u00eame, ils ont reconnu l&rsquo;importance d&rsquo;adopter une approche globale et \u00e9quilibr\u00e9e \u00e0 la migration internationale, qui reconna\u00eet les r\u00f4les et les responsabilit\u00e9s des pays d&rsquo;origine, de transit et de destination dans la promotion et la protection des droits humains de tous les migrants (D\u00e9claration du Dialogue de haut niveau sur les migrations internationales et le d\u00e9veloppement, 2013). Bien que l&rsquo;objectif de la communaut\u00e9 internationale d\u2019aborder la migration dans le cadre d\u2019une approche \u00e9quilibr\u00e9e et centr\u00e9e sur les droits humains soit louable, sa realisation reste un d\u00e9fi majeur en raison de la criminalisation croissante de la migration. Au cours des derni\u00e8res d\u00e9cennies, les pays du Nord Global ont eu recours \u00e0 des mesures de droit p\u00e9nal pour dissuader et r\u00e9primer les migrants irr\u00e9guliers, y compris ceux qui ont besoin d&rsquo;une protection internationale. Ils ont impos\u00e9 des sanctions p\u00e9nales aux migrants forc\u00e9s pour l\u2019entr\u00e9e et le s\u00e9jour irr\u00e9guliers sur leur territoire, l\u2019utilisation de faux documents ou l&#8217;emploi non autoris\u00e9. La d\u00e9tention est devenue une pratique courante et omnipr\u00e9sente. Des compagnies de transport et des employeurs ainsi que d&rsquo;autres personnes qui aident ou entrent en contact avec les migrants forc\u00e9s, tels que les professionnels de sant\u00e9, les travailleurs humanitaires, les propri\u00e9taires, les membres de la famille et amis ont \u00e9galement fait l\u2019objet de sanctions p\u00e9nales. Les syst\u00e8mes d&rsquo;asile sont devenus plus restrictifs pour les demandeurs d&rsquo;asile arrivant dans les pays de destination avec l&rsquo;aide de passeurs. Ces d\u00e9veloppements aliment\u00e9s par les discours politiques et populaires n\u00e9gatifs ont eu des r\u00e9percussions importantes sur la situation des migrants. Les droits fondamentaux des migrants forc\u00e9s ont \u00e9t\u00e9 consid\u00e9rablement limit\u00e9s. Les migrants l\u00e9gaux font, eux aussi, face \u00e0 des obstacles majeurs dans le processus d\u2019immigration. La pratique de la criminalisation est contre-productive: elle peut entra\u00eener plus de discrimination contre les migrants et de x\u00e9nophobie; elle peut entraver la mise en \u0153uvre des politiques d\u2019\u00e9tablissement et d&rsquo;int\u00e9gration; elle peut d\u00e9courager les migrants forc\u00e9s qui deviennent victimes de crimes tels que la traite humaine, les agressions sexuelles, l&rsquo;exploitation par des employeurs ou la violence domestique, de d\u00e9noncer leur agresseur et de b\u00e9n\u00e9ficier d\u2019une protection adequate. Paradoxalement la criminalisation peut contribuer \u00e0 l\u2019augmentation de la migration irr\u00e9guli\u00e8re, de l\u2019exploitation et d\u2019atteintes au respect de la dignit\u00e9 humaine des migrants.<\/p>\n<p>La Conf\u00e9rence annuelle de l\u2019ACERMF r\u00e9unira des \u00e9tudiants, des chercheurs, des universitaires d\u2019horizons disciplinaires et de r\u00e9gions diff\u00e9rents, des repr\u00e9sentants gouvernementaux, des d\u00e9cideurs, des avocats, des activistes et des repr\u00e9sentants de la soci\u00e9t\u00e9 civile, y compris des organisations non-gouvernementales, des migrants et des r\u00e9fugi\u00e9s, en vue de discuter les changements, les r\u00e9alisations, les d\u00e9fis et les solutions \u00e0 court et long terme dans le domaine de la protection des migrants et la promotion des politiques d\u2019\u00e9tablissement et d\u2019int\u00e9gration dans les pays de destination.<\/p>\n<\/p>\n<p><\/p>","protected":false},"excerpt":{"rendered":"<p>ACERFM15:\u00a0Promouvoir la Protection et Favoriser le Sentiment d\u2019Appartenance \u00e0 l\u2019\u00c8re de la Criminalisation des Migrations Organis\u00e9 par le D\u00e9partement de Criminologie, Universit\u00e9 Ryerson, en collaboration avec le Centre Ryerson pour l&rsquo;Immigration et le R\u00e8glement (CRIR) Toronto, Ontario, Canada13-15 May 2015 Les \u00c9tats membres des Nations Unies ont r\u00e9cemment affirm\u00e9 la n\u00e9cessit\u00e9 de promouvoir et de prot\u00e9ger de mani\u00e8re effective les droits humains et les libert\u00e9s fondamentales de toute personne, ind\u00e9pendamment de son statut migratoire. De&#8230;<\/p>\n","protected":false},"author":5,"featured_media":0,"parent":295,"menu_order":0,"comment_status":"closed","ping_status":"open","template":"","meta":{"ngg_post_thumbnail":0,"footnotes":""},"class_list":["post-474","page","type-page","status-publish","hentry"],"_links":{"self":[{"href":"https:\/\/carfms.org\/fr\/wp-json\/wp\/v2\/pages\/474","targetHints":{"allow":["GET"]}}],"collection":[{"href":"https:\/\/carfms.org\/fr\/wp-json\/wp\/v2\/pages"}],"about":[{"href":"https:\/\/carfms.org\/fr\/wp-json\/wp\/v2\/types\/page"}],"author":[{"embeddable":true,"href":"https:\/\/carfms.org\/fr\/wp-json\/wp\/v2\/users\/5"}],"replies":[{"embeddable":true,"href":"https:\/\/carfms.org\/fr\/wp-json\/wp\/v2\/comments?post=474"}],"version-history":[{"count":0,"href":"https:\/\/carfms.org\/fr\/wp-json\/wp\/v2\/pages\/474\/revisions"}],"up":[{"embeddable":true,"href":"https:\/\/carfms.org\/fr\/wp-json\/wp\/v2\/pages\/295"}],"wp:attachment":[{"href":"https:\/\/carfms.org\/fr\/wp-json\/wp\/v2\/media?parent=474"}],"curies":[{"name":"wp","href":"https:\/\/api.w.org\/{rel}","templated":true}]}}