{"id":478,"date":"2015-02-10T21:19:13","date_gmt":"2015-02-11T02:19:13","guid":{"rendered":"http:\/\/carfms.org\/?page_id=478"},"modified":"2015-02-13T15:00:36","modified_gmt":"2015-02-13T20:00:36","slug":"call-for-papers","status":"publish","type":"page","link":"https:\/\/carfms.org\/fr\/conferences\/8th-annual-conference\/call-for-papers\/","title":{"rendered":"Appel \u00e0 Communications"},"content":{"rendered":"<p><\/p>\n<div class=\"field field-name-body field-type-text-with-summary field-label-hidden\">\n<div class=\"field-items\">\n<div class=\"field-item even\">\n<p><strong>8\u00e8me Conf\u00e9rence annuelle de l\u2019Association Canadienne des \u00c9tudes sur les R\u00e9fugi\u00e9s et la Migration Forc\u00e9e (ACERMF)<\/strong><\/p>\n<p><strong>organis\u00e9e par le D\u00e9partement de Criminologie, Ryerson University<\/strong><\/p>\n<p><strong>en collaboration avec Ryerson Centre for Immigration and Settlement (RCIS)<\/strong><\/p>\n<p><strong>Toronto, Ontario<\/strong><\/p>\n<p><strong>13-15 mai 2015<\/strong><\/p>\n<p><strong><span id=\"result_box\" class=\"\" lang=\"fr\"><span class=\"hps\">***Se il vous pla\u00eet<\/span> <span class=\"hps\">noter<\/span> <span class=\"hps\">que les pr\u00e9sentations<\/span> <span class=\"hps\">sont maintenant ferm\u00e9s<\/span><span class=\"\">.***<\/span><\/span><\/strong><\/p>\n<p>Les \u00c9tats membres des Nations Unies ont r\u00e9cemment affirm\u00e9 la n\u00e9cessit\u00e9 de promouvoir et de prot\u00e9ger de mani\u00e8re effective les droits humains et les libert\u00e9s fondamentales de toute personne, ind\u00e9pendamment de son statut migratoire. De m\u00eame, ils ont reconnu l&rsquo;importance d&rsquo;adopter une approche globale et \u00e9quilibr\u00e9e \u00e0 la migration internationale, qui reconna\u00eet les r\u00f4les et les responsabilit\u00e9s des pays d&rsquo;origine, de transit et de destination dans la promotion et la protection des droits humains de tous les migrants (D\u00e9claration du Dialogue de haut niveau sur les migrations internationales et le d\u00e9veloppement, 2013). Bien que l&rsquo;objectif de la communaut\u00e9 internationale d\u2019aborder la migration dans le cadre d\u2019une approche \u00e9quilibr\u00e9e et centr\u00e9e sur les droits humains soit louable, sa realisation reste un d\u00e9fi majeur en raison de la criminalisation croissante de la migration. Au cours des derni\u00e8res d\u00e9cennies, les pays du Nord Global ont eu recours \u00e0 des mesures de droit p\u00e9nal pour dissuader et r\u00e9primer les migrants irr\u00e9guliers, y compris ceux qui ont besoin d&rsquo;une protection internationale. Ils ont impos\u00e9 des sanctions p\u00e9nales aux migrants forc\u00e9s pour l\u2019entr\u00e9e et le s\u00e9jour irr\u00e9guliers sur leur territoire, l\u2019utilisation de faux documents ou l&#8217;emploi non autoris\u00e9. La d\u00e9tention est devenue une pratique courante et omnipr\u00e9sente. Des compagnies de transport et des employeurs ainsi que d&rsquo;autres personnes qui aident ou entrent en contact avec les migrants forc\u00e9s, tels que les professionnels de sant\u00e9, les travailleurs humanitaires, les propri\u00e9taires, les membres de la famille et amis ont \u00e9galement fait l\u2019objet de sanctions p\u00e9nales. Les syst\u00e8mes d&rsquo;asile sont devenus plus restrictifs pour les demandeurs d&rsquo;asile arrivant dans les pays de destination avec l&rsquo;aide de passeurs. Ces d\u00e9veloppements aliment\u00e9s par les discours politiques et populaires n\u00e9gatifs ont eu des r\u00e9percussions importantes sur la situation des migrants. Les droits fondamentaux des migrants forc\u00e9s ont \u00e9t\u00e9 consid\u00e9rablement limit\u00e9s. Les migrants l\u00e9gaux font, eux aussi, face \u00e0 des obstacles majeurs dans le processus d\u2019immigration. La pratique de la criminalisation est contre-productive: elle peut entra\u00eener plus de discrimination contre les migrants et de x\u00e9nophobie; elle peut entraver la mise en \u0153uvre des politiques d\u2019\u00e9tablissement et d&rsquo;int\u00e9gration; elle peut d\u00e9courager les migrants forc\u00e9s qui deviennent victimes de crimes tels que la traite humaine, les agressions sexuelles, l&rsquo;exploitation par des employeurs ou la violence domestique, de d\u00e9noncer leur agresseur et de b\u00e9n\u00e9ficier d\u2019une protection adequate. Paradoxalement la criminalisation peut contribuer \u00e0 l\u2019augmentation de la migration irr\u00e9guli\u00e8re, de l\u2019exploitation et d\u2019atteintes au respect de la dignit\u00e9 humaine des migrants.<\/p>\n<p>La Conf\u00e9rence annuelle de l\u2019ACERMF r\u00e9unira des \u00e9tudiants, des chercheurs, des universitaires d\u2019horizons disciplinaires et de r\u00e9gions diff\u00e9rents, des repr\u00e9sentants gouvernementaux, des d\u00e9cideurs, des avocats, des activistes et des repr\u00e9sentants de la soci\u00e9t\u00e9 civile, y compris des organisations non-gouvernementales, des migrants et des r\u00e9fugi\u00e9s, en vue de discuter les changements, les r\u00e9alisations, les d\u00e9fis et les solutions \u00e0 court et long terme dans le domaine de la protection des migrants et la promotion des politiques d\u2019\u00e9tablissement et d\u2019int\u00e9gration dans les pays de destination. Des personnalit\u00e9s reconnues dans le domaine des migrations et des r\u00e9fugi\u00e9s interviendront pendant la conf\u00e9rence inaugurale et les sessions pl\u00e9ni\u00e8res. Nous sollicitons la soumission de pr\u00e9sentations individuelles, de panels ou de tables rondes explorant les questions pratiques, sociales, juridiques, \u00e9conomiques, politiques et th\u00e9oriques relatives aux axes suivants :<\/p>\n<p><strong>1. Promouvoir la protection des migrants \u00e0 l\u2019\u00e8re de la criminalisation des migrations : Les questions et pr\u00e9occupations aux niveaux local, national, r\u00e9gional et international<\/strong><\/p>\n<p>Cet axe a pour objectif d\u2019analyser les discours, normes, proc\u00e9dures et pratiques en mati\u00e8re de politique d&rsquo;immigration et d&rsquo;asile, ainsi que leur efficacit\u00e9 et cons\u00e9quences. On y examine leur compatibilit\u00e9 avec les droits humains aux niveaux national, r\u00e9gional et international, et avec les normes de protection des r\u00e9fugi\u00e9s. Quelles sont les implications de la criminalisation dans le syst\u00e8me d\u2019immigration et d\u2019asile au Canada et ailleurs? Comment peut-on promouvoir la protection des migrants, y compris des travailleurs temporaires, des migrants irr\u00e9guliers, des demandeurs d&rsquo;asile, des r\u00e9fugi\u00e9s, des personnes d\u00e9plac\u00e9es et des apatrides, aux niveaux local, national, r\u00e9gional et international? Comment peut-on comprendre et rendre compte des exp\u00e9riences des migrants dans le cadre des relations de pouvoir fond\u00e9es sur le sexe, l&rsquo;\u00e2ge, la capacit\u00e9, la sexualit\u00e9 et d&rsquo;autres marqueurs de la \u00ab diff\u00e9rence \u00bb? Quel est le r\u00f4le des acteurs internationaux, r\u00e9gionaux et locaux, des institutions et organismes, des employeurs et des membres de la soci\u00e9t\u00e9 civile dans la protection des migrants? Comment les m\u00e9canismes de solidarit\u00e9 et de partage des responsabilit\u00e9s peuvent \u00eatre promus et les partenariats entre les parties prenantes concern\u00e9es renforc\u00e9s?<\/p>\n<p><strong>2. Favoriser le sentiment d\u2019appartenance \u00e0 l\u2019\u00e8re de la criminalisation des migrations : Les questions et pr\u00e9occupations aux niveaux local, national, r\u00e9gional et international<\/strong><\/p>\n<p>Cet axe explore les forces et les faiblesses des politiques d\u2019accueil, d\u2019\u00e9tablissement et d&rsquo;int\u00e9gration dans le contexte de la criminalisation de la migration. Comment les mesures du droit p\u00e9nal visant les migrants forc\u00e9s et ceux qui entrent en contact avec eux, tels que les membres des ONG et des professionnels de la sant\u00e9, affectent l&rsquo;accueil, l&rsquo;\u00e9tablissement et l&rsquo;int\u00e9gration des migrants? Quelles sont les meilleures pratiques et strat\u00e9gies dans la r\u00e9ception, l&rsquo;\u00e9tablissement et l&rsquo;int\u00e9gration des migrants? Quelles sont les meilleures pratiques et strat\u00e9gies dans la lutte contre le racisme, la discrimination, la x\u00e9nophobie et l&rsquo;intol\u00e9rance \u00e0 l\u2019encontre des migrants? Quels sont les r\u00f4les jou\u00e9s par les autorit\u00e9s locales, nationales et r\u00e9gionales, les employeurs et les membres de la soci\u00e9t\u00e9 civile dans le domaine de la sant\u00e9, l&rsquo;\u00e9ducation, la protection sociale, l&#8217;emploi ainsi que la mise en \u0153uvre de la loi? Comment le genre, le sexe, l&rsquo;\u00e2ge, la race, la nationalit\u00e9 ou l&rsquo;apatridie et d&rsquo;autres facteurs, pris individuellement ou ensemble, affectent l\u2019accueil, l&rsquo;\u00e9tablissement et l&rsquo;int\u00e9gration des migrants?<\/p>\n<p><strong>3. Promouvoir la protection des migrants et favoriser leur sentiment d\u2019appartenance: Nouvelles approches, m\u00e9thodes de recherche et th\u00e9ories<\/strong><\/p>\n<p>Cet axe sollicite des pr\u00e9sentations traitant des approches, th\u00e9ories et m\u00e9thodes innovantes dans le domaine de la migration forc\u00e9e, l&rsquo;\u00e9tablissement et l&rsquo;int\u00e9gration, d\u00e9velopp\u00e9es dans les disciplines traditionnelles ou dans le cadre des \u00e9tudes interdisciplinaires. De nouvelles perspectives th\u00e9oriques, conceptuelles et m\u00e9thodologiques conduisent \u00e0 une meilleure compr\u00e9hension des d\u00e9veloppements r\u00e9cents en mati\u00e8re de migration et permettent d\u2019explorer la complexit\u00e9 des politiques et des pratiques qui affectent les migrants dans des contextes locaux, nationaux, r\u00e9gionaux et internationaux. Quels sont les questions pratiques et les d\u00e9fis li\u00e9s \u00e0 la recherche men\u00e9e en mati\u00e8re de la migration forc\u00e9e, l&rsquo;\u00e9tablissement et l&rsquo;int\u00e9gration dans une \u00e8re de la criminalisation de la migration? Comment nos recherches influencent-elles les fondements th\u00e9oriques des concepts tels que la mobilit\u00e9, les fronti\u00e8res, la citoyennet\u00e9 et la diversit\u00e9, ainsi que les politiques d&rsquo;int\u00e9gration? Quelles sont les difficult\u00e9s rencontr\u00e9es par les universitaires, les d\u00e9cideurs, les avocats, ou les militants lorsqu\u2019ils se positionnent sur la question des migrations forc\u00e9es, de la protection des migrants, de l\u2019appartenance et de l&rsquo;int\u00e9gration?<\/p>\n<p><strong>SOUMISSION DE COMMUNICATIONS<\/strong><\/p>\n<p><strong><span id=\"result_box\" class=\"\" lang=\"fr\"><span class=\"hps\">Se il vous pla\u00eet<\/span> <span class=\"hps\">noter<\/span> <span class=\"hps\">que les pr\u00e9sentations<\/span> <span class=\"hps\">sont maintenant ferm\u00e9s<\/span><span class=\"\">.<\/span><\/span><\/strong><\/p>\n<p>&nbsp;<\/p>\n<\/div>\n<\/div>\n<\/div>\n<p><\/p>","protected":false},"excerpt":{"rendered":"<p>8\u00e8me Conf\u00e9rence annuelle de l\u2019Association Canadienne des \u00c9tudes sur les R\u00e9fugi\u00e9s et la Migration Forc\u00e9e (ACERMF) organis\u00e9e par le D\u00e9partement de Criminologie, Ryerson University en collaboration avec Ryerson Centre for Immigration and Settlement (RCIS) Toronto, Ontario 13-15 mai 2015 ***Se il vous pla\u00eet noter que les pr\u00e9sentations sont maintenant ferm\u00e9s.*** Les \u00c9tats membres des Nations Unies ont r\u00e9cemment affirm\u00e9 la n\u00e9cessit\u00e9 de promouvoir et de prot\u00e9ger de mani\u00e8re effective les droits humains et les libert\u00e9s&#8230;<\/p>\n","protected":false},"author":5,"featured_media":0,"parent":474,"menu_order":0,"comment_status":"closed","ping_status":"open","template":"","meta":{"ngg_post_thumbnail":0,"footnotes":""},"class_list":["post-478","page","type-page","status-publish","hentry"],"_links":{"self":[{"href":"https:\/\/carfms.org\/fr\/wp-json\/wp\/v2\/pages\/478","targetHints":{"allow":["GET"]}}],"collection":[{"href":"https:\/\/carfms.org\/fr\/wp-json\/wp\/v2\/pages"}],"about":[{"href":"https:\/\/carfms.org\/fr\/wp-json\/wp\/v2\/types\/page"}],"author":[{"embeddable":true,"href":"https:\/\/carfms.org\/fr\/wp-json\/wp\/v2\/users\/5"}],"replies":[{"embeddable":true,"href":"https:\/\/carfms.org\/fr\/wp-json\/wp\/v2\/comments?post=478"}],"version-history":[{"count":0,"href":"https:\/\/carfms.org\/fr\/wp-json\/wp\/v2\/pages\/478\/revisions"}],"up":[{"embeddable":true,"href":"https:\/\/carfms.org\/fr\/wp-json\/wp\/v2\/pages\/474"}],"wp:attachment":[{"href":"https:\/\/carfms.org\/fr\/wp-json\/wp\/v2\/media?parent=478"}],"curies":[{"name":"wp","href":"https:\/\/api.w.org\/{rel}","templated":true}]}}