{"id":490,"date":"2015-02-10T21:28:29","date_gmt":"2015-02-11T02:28:29","guid":{"rendered":"http:\/\/carfms.org\/?page_id=490"},"modified":"2015-04-02T22:37:31","modified_gmt":"2015-04-03T02:37:31","slug":"accommodation-and-travel","status":"publish","type":"page","link":"https:\/\/carfms.org\/fr\/conferences\/8th-annual-conference\/accommodation-and-travel\/","title":{"rendered":"Accommodation et Voyage"},"content":{"rendered":"<p><\/p>\n<h3>Accommodation:<\/h3>\n<p><strong><img loading=\"lazy\" decoding=\"async\" class=\" alignleft\" src=\"http:\/\/www.bondplace.ca\/templates\/jw\/_common\/images\/logo.png?54c5f77ebc026\" alt=\"Bond Place Hotel\" width=\"120\" height=\"156\" \/>Hotel #1: Bond Place Hotel<\/strong><\/p>\n<p>65 Dundas Street East<\/p>\n<p>Toronto, ON M5B 2G8<\/p>\n<p>Special CARFMS Rate from May 13-15<\/p>\n<p>Standard room $129 +tax (queens size bed)<\/p>\n<p>Must book by April 12, 2015 to receive the special rate!<\/p>\n<p>Hotel website:\u00a0<a href=\"http:\/\/www.bondplace.ca\/\" target=\"_blank\">www.bondplace.ca<\/a><\/p>\n<p>Make an <a href=\"http:\/\/bit.ly\/1DaOd3Y\" target=\"_blank\">online reservation<\/a><\/p>\n<p>Phone reservation: (416) 362-6061<\/p>\n<hr class=\"lighthr\" \/>\n<p><strong><img loading=\"lazy\" decoding=\"async\" class=\" alignleft\" src=\"http:\/\/www.ryerson.ca\/content\/dam\/studentservices\/housing\/images\/illc.jpg\" alt=\"International Living\/Learning Centre (ILC)\" width=\"106\" height=\"150\" \/>Hotel #2: International Living Learning Centre (ILLC) Ryerson University\u00a0<\/strong><\/p>\n<p>240 Jarvis Street<\/p>\n<p>Toronto, ON M5B 2L1<\/p>\n<p>Special CARFMS Rate from May 13 &#8211; 15<\/p>\n<p>Standard room $90.00 + tax (queen size bed and pull out sofa bed)<\/p>\n<p>Must book by April 13, 2015 to receive the special rate!<\/p>\n<p>Reservation Code: CARFMS2015<\/p>\n<blockquote>\n<p><strong>* Les ACERMF d&rsquo;actualisation a \u00e9t\u00e9-inclus dans les tarifs qui sont affich\u00e9s dans le lien de r\u00e9servation ci-dessus. Vous n&rsquo;\u00eates pas oblig\u00e9 d&rsquo;entrer un code de r\u00e9duction.<\/strong><\/p>\n<\/blockquote>\n<p>Make an <a href=\"http:\/\/ryerson.ca\/conference\/accommodations\/index.html\" target=\"_blank\">online reservation<\/a><\/p>\n<h3>Voyage:<\/h3>\n<p><strong>Ryerson University<\/strong><\/p>\n<p>Address: 350 Victoria Street, Toronto, ON M5B 2K3<\/p>\n<p><a href=\"https:\/\/www.google.ca\/maps\/place\/Toronto,+ON\/@43.7182713,-79.3777061,11z\/data=!3m1!4b1!4m2!3m1!1s0x89d4cb90d7c63ba5:0x323555502ab4c477\" target=\"_blank\"><img loading=\"lazy\" decoding=\"async\" class=\"alignnone\" src=\"https:\/\/www.google.ca\/maps\/vt\/data=U4aSnIyhBFNIJ3A8fCzUmaVIwyWq6RtIfB4QKiGq_w,GzaKtmIbif0lJ2WFrd3gb9hkdAuHExeOkVSVwS2oIntmerMApAAGPebaDo6tTOYbV4F_w-rUUGJhc2x1LAgpSo4uVhDQQlVKgtUquKqYwtW8HJKA6SPb0wssOEDX1a7eOxSC2gC9Zr4WC1CwJP8ZpGYpQA7gwDr8ZYpNFyTupUHJWsMfXwto0JbiwYtBbVAYx54LkQvAZ6ovWdGzQw\" alt=\"Toronto map\" width=\"328\" height=\"194\" \/><\/a><\/p>\n<p><a href=\"http:\/\/www.ryerson.ca\/maps\/\" target=\"_blank\">Ryerson campus map<\/a><\/p>\n<h3>Directions to Ryerson\u00a0University<\/h3>\n<p><strong>From Toronto Pearson International Airport<\/strong><\/p>\n<ul>\n<li><a href=\"http:\/\/carfms.org\/wp-content\/uploads\/2015\/01\/Toronto-Pearson-International-drive.pdf\" target=\"_blank\">Driving directions including maps<\/a>\u00a0(PDF document)<\/li>\n<li><a href=\"http:\/\/carfms.org\/wp-content\/uploads\/2015\/01\/Toronto-Pearson-International-drive-text.pdf\" target=\"_blank\">Driving directions<\/a>\u00a0&#8211;\u00a0text only\u00a0(PDF document)<\/li>\n<\/ul>\n<p><strong>Public Transit<\/strong><\/p>\n<ul>\n<li><a href=\"http:\/\/carfms.org\/wp-content\/uploads\/2015\/01\/Toronto-Pearson-travel-via-Public-transit-text-only.pdf\">From Toronto Pearson travel via Public Transit<\/a>\u00a0(PDF document)<\/li>\n<\/ul>\n<p><\/p>","protected":false},"excerpt":{"rendered":"<p>Accommodation: Hotel #1: Bond Place Hotel 65 Dundas Street East Toronto, ON M5B 2G8 Special CARFMS Rate from May 13-15 Standard room $129 +tax (queens size bed) Must book by April 12, 2015 to receive the special rate! Hotel website:\u00a0www.bondplace.ca Make an online reservation Phone reservation: (416) 362-6061 Hotel #2: International Living Learning Centre (ILLC) Ryerson University\u00a0 240 Jarvis Street Toronto, ON M5B 2L1 Special CARFMS Rate from May 13 &#8211; 15 Standard room $90.00&#8230;<\/p>\n","protected":false},"author":5,"featured_media":0,"parent":474,"menu_order":0,"comment_status":"closed","ping_status":"open","template":"","meta":{"ngg_post_thumbnail":0,"footnotes":""},"class_list":["post-490","page","type-page","status-publish","hentry"],"_links":{"self":[{"href":"https:\/\/carfms.org\/fr\/wp-json\/wp\/v2\/pages\/490","targetHints":{"allow":["GET"]}}],"collection":[{"href":"https:\/\/carfms.org\/fr\/wp-json\/wp\/v2\/pages"}],"about":[{"href":"https:\/\/carfms.org\/fr\/wp-json\/wp\/v2\/types\/page"}],"author":[{"embeddable":true,"href":"https:\/\/carfms.org\/fr\/wp-json\/wp\/v2\/users\/5"}],"replies":[{"embeddable":true,"href":"https:\/\/carfms.org\/fr\/wp-json\/wp\/v2\/comments?post=490"}],"version-history":[{"count":0,"href":"https:\/\/carfms.org\/fr\/wp-json\/wp\/v2\/pages\/490\/revisions"}],"up":[{"embeddable":true,"href":"https:\/\/carfms.org\/fr\/wp-json\/wp\/v2\/pages\/474"}],"wp:attachment":[{"href":"https:\/\/carfms.org\/fr\/wp-json\/wp\/v2\/media?parent=490"}],"curies":[{"name":"wp","href":"https:\/\/api.w.org\/{rel}","templated":true}]}}