{"id":494,"date":"2015-02-10T21:30:50","date_gmt":"2015-02-11T02:30:50","guid":{"rendered":"http:\/\/carfms.org\/?page_id=494"},"modified":"2015-05-12T23:35:26","modified_gmt":"2015-05-13T03:35:26","slug":"program","status":"publish","type":"page","link":"https:\/\/carfms.org\/fr\/conferences\/8th-annual-conference\/program\/","title":{"rendered":"Programme"},"content":{"rendered":"<p><\/p>\n<p><p>Le projet de programme d\u00e9taill\u00e9 sera disponible bient\u00f4t.<\/p>\n<p><a href=\"http:\/\/carfms.org\/wp-content\/uploads\/2015\/01\/15-02-CARFMS-condensedprogram.pdf\">(ACERMF) Projet de programme<\/a>\u00a0&#8211; plan (PDF)<\/p>\n<\/p>\n<p><\/p>","protected":false},"excerpt":{"rendered":"<p>Le projet de programme d\u00e9taill\u00e9 sera disponible bient\u00f4t. (ACERMF) Projet de programme\u00a0&#8211; plan (PDF)<\/p>\n","protected":false},"author":5,"featured_media":0,"parent":474,"menu_order":0,"comment_status":"closed","ping_status":"open","template":"","meta":{"ngg_post_thumbnail":0,"footnotes":""},"class_list":["post-494","page","type-page","status-publish","hentry"],"_links":{"self":[{"href":"https:\/\/carfms.org\/fr\/wp-json\/wp\/v2\/pages\/494","targetHints":{"allow":["GET"]}}],"collection":[{"href":"https:\/\/carfms.org\/fr\/wp-json\/wp\/v2\/pages"}],"about":[{"href":"https:\/\/carfms.org\/fr\/wp-json\/wp\/v2\/types\/page"}],"author":[{"embeddable":true,"href":"https:\/\/carfms.org\/fr\/wp-json\/wp\/v2\/users\/5"}],"replies":[{"embeddable":true,"href":"https:\/\/carfms.org\/fr\/wp-json\/wp\/v2\/comments?post=494"}],"version-history":[{"count":0,"href":"https:\/\/carfms.org\/fr\/wp-json\/wp\/v2\/pages\/494\/revisions"}],"up":[{"embeddable":true,"href":"https:\/\/carfms.org\/fr\/wp-json\/wp\/v2\/pages\/474"}],"wp:attachment":[{"href":"https:\/\/carfms.org\/fr\/wp-json\/wp\/v2\/media?parent=494"}],"curies":[{"name":"wp","href":"https:\/\/api.w.org\/{rel}","templated":true}]}}