{"id":504,"date":"2015-02-10T21:38:18","date_gmt":"2015-02-11T02:38:18","guid":{"rendered":"http:\/\/carfms.org\/?page_id=504"},"modified":"2015-02-10T22:04:47","modified_gmt":"2015-02-11T03:04:47","slug":"visit-toronto","status":"publish","type":"page","link":"https:\/\/carfms.org\/fr\/conferences\/8th-annual-conference\/visit-toronto\/","title":{"rendered":"Visitez Toronto"},"content":{"rendered":"<p><\/p>\n<p><img loading=\"lazy\" decoding=\"async\" class=\" alignleft\" src=\"http:\/\/t1.gstatic.com\/images?q=tbn:ANd9GcSCF6xJsahOAEoYzzlubSdL3EBn-_VKegrYaIpVhtI1MEm62gdEng\" alt=\"Toronto Skyline\" width=\"375\" height=\"134\" \/>Toronto est l&rsquo;une des villes les plus accessibles en Am\u00e9rique du Nord. Nous sommes \u00e0 seulement une heure de route pour les cinq millions de Canadiens et acerca Dans un vol de 90 minutes pour 60 pour cent de la population am\u00e9ricaine.<\/p>\n<p>Une fois que vous arrivez \u00e0 Toronto, la ville est facile \u00e0 naviguer avec une forte mise en page de la rue de la grille, l&rsquo;un des syst\u00e8mes les plus \u00e9tendus de transport en commun en Am\u00e9rique du Nord et un grand nombre d&rsquo;attractions concentr\u00e9es dans un centre-ville \u00e0 pied.<\/p>\n<p>&nbsp;<\/p>\n<p><a href=\"http:\/\/www1.toronto.ca\/City%20Of%20Toronto\/Economic%20Development%20&amp;%20Culture\/Visitor%20Services\/Files\/pdf\/visitor_map.pdf\" target=\"_blank\">Toronto Carte de Visiteurs<\/a><\/p>\n<p>Toronto \u00c9v\u00e9nements:<\/p>\n<ul>\n<li><a href=\"http:\/\/www.toronto.com\/events\/\" target=\"_blank\">Toronto.com Events<\/a><\/li>\n<li><a href=\"http:\/\/www.seetorontonow.com\/annual-events\/\" target=\"_blank\">Tourism Toronto\u00a0Annual Festivals &amp; Events<\/a><\/li>\n<\/ul>\n<p><a href=\"http:\/\/www.ttc.ca\/\" target=\"_blank\">Toronto Transit<\/a><\/p>\n<p>Toronto Districts de Tourisme:<\/p>\n<ul>\n<li><a href=\"http:\/\/www.bloor-yorkville.com\/\" target=\"_blank\">Bloor Yorkille<\/a><\/li>\n<li><a href=\"http:\/\/downtownyonge.com\/\" target=\"_blank\">Downtown Yonge<\/a><\/li>\n<li><a href=\"http:\/\/chinatownbia.com\/index.asp\" target=\"_blank\">Chinatown<\/a><\/li>\n<li><a href=\"http:\/\/www.waterfrontbia.com\/\" target=\"_blank\">The Waterfront\u00a0<\/a><\/li>\n<li><a href=\"http:\/\/torontofinancialdistrict.com\/\" target=\"_blank\">The Financial District<\/a><\/li>\n<li><a href=\"http:\/\/torontoed.com\/\" target=\"_blank\">The Entertainment District<\/a><\/li>\n<li><a href=\"http:\/\/www.oldtowntoronto.ca\/%E2%80%8E\" target=\"_blank\">Old Town<\/a>\u00a0&amp; the\u00a0<a href=\"http:\/\/www.stlawrencemarket.com\/%E2%80%8E\" target=\"_blank\">St. Lawrence Market<\/a><\/li>\n<\/ul>\n<p>&nbsp;<\/p>\n<p><\/p>","protected":false},"excerpt":{"rendered":"<p>Toronto est l&rsquo;une des villes les plus accessibles en Am\u00e9rique du Nord. Nous sommes \u00e0 seulement une heure de route pour les cinq millions de Canadiens et acerca Dans un vol de 90 minutes pour 60 pour cent de la population am\u00e9ricaine. Une fois que vous arrivez \u00e0 Toronto, la ville est facile \u00e0 naviguer avec une forte mise en page de la rue de la grille, l&rsquo;un des syst\u00e8mes les plus \u00e9tendus de transport&#8230;<\/p>\n","protected":false},"author":5,"featured_media":0,"parent":474,"menu_order":0,"comment_status":"closed","ping_status":"open","template":"","meta":{"ngg_post_thumbnail":0,"footnotes":""},"class_list":["post-504","page","type-page","status-publish","hentry"],"_links":{"self":[{"href":"https:\/\/carfms.org\/fr\/wp-json\/wp\/v2\/pages\/504","targetHints":{"allow":["GET"]}}],"collection":[{"href":"https:\/\/carfms.org\/fr\/wp-json\/wp\/v2\/pages"}],"about":[{"href":"https:\/\/carfms.org\/fr\/wp-json\/wp\/v2\/types\/page"}],"author":[{"embeddable":true,"href":"https:\/\/carfms.org\/fr\/wp-json\/wp\/v2\/users\/5"}],"replies":[{"embeddable":true,"href":"https:\/\/carfms.org\/fr\/wp-json\/wp\/v2\/comments?post=504"}],"version-history":[{"count":0,"href":"https:\/\/carfms.org\/fr\/wp-json\/wp\/v2\/pages\/504\/revisions"}],"up":[{"embeddable":true,"href":"https:\/\/carfms.org\/fr\/wp-json\/wp\/v2\/pages\/474"}],"wp:attachment":[{"href":"https:\/\/carfms.org\/fr\/wp-json\/wp\/v2\/media?parent=504"}],"curies":[{"name":"wp","href":"https:\/\/api.w.org\/{rel}","templated":true}]}}