{"id":509,"date":"2015-02-10T22:06:33","date_gmt":"2015-02-11T03:06:33","guid":{"rendered":"http:\/\/carfms.org\/?page_id=509"},"modified":"2015-09-23T18:51:36","modified_gmt":"2015-09-23T22:51:36","slug":"publications","status":"publish","type":"page","link":"https:\/\/carfms.org\/fr\/conferences\/8th-annual-conference\/publications\/","title":{"rendered":"Publications"},"content":{"rendered":"<p><\/p>\n<p><p><strong>8\u00e8me Conf\u00e9rence annuelle de l\u2019Association Canadienne des \u00c9tudes sur les R\u00e9fugi\u00e9s et la Migration Forc\u00e9e (ACERMF)\u00a0&#8211;\u00a0<\/strong>Brochure<\/p>\n<p><a href=\"http:\/\/carfms.org\/wp-content\/uploads\/2015\/03\/poster-final-fr-web.pdf\" target=\"_blank\"><img loading=\"lazy\" decoding=\"async\" class=\" size-full wp-image-464 aligncenter\" src=\"http:\/\/carfms.org\/wp-content\/uploads\/2015\/03\/poster-for-web-fr.png\" alt=\"poster-for-web-fr\" width=\"383\" height=\"455\" \/><\/a><\/p>\n<p>&nbsp;<\/p>\n<\/p>\n<p><\/p>","protected":false},"excerpt":{"rendered":"<p>8\u00e8me Conf\u00e9rence annuelle de l\u2019Association Canadienne des \u00c9tudes sur les R\u00e9fugi\u00e9s et la Migration Forc\u00e9e (ACERMF)\u00a0&#8211;\u00a0Brochure &nbsp;<\/p>\n","protected":false},"author":5,"featured_media":0,"parent":474,"menu_order":0,"comment_status":"closed","ping_status":"open","template":"","meta":{"ngg_post_thumbnail":0,"footnotes":""},"class_list":["post-509","page","type-page","status-publish","hentry"],"_links":{"self":[{"href":"https:\/\/carfms.org\/fr\/wp-json\/wp\/v2\/pages\/509","targetHints":{"allow":["GET"]}}],"collection":[{"href":"https:\/\/carfms.org\/fr\/wp-json\/wp\/v2\/pages"}],"about":[{"href":"https:\/\/carfms.org\/fr\/wp-json\/wp\/v2\/types\/page"}],"author":[{"embeddable":true,"href":"https:\/\/carfms.org\/fr\/wp-json\/wp\/v2\/users\/5"}],"replies":[{"embeddable":true,"href":"https:\/\/carfms.org\/fr\/wp-json\/wp\/v2\/comments?post=509"}],"version-history":[{"count":0,"href":"https:\/\/carfms.org\/fr\/wp-json\/wp\/v2\/pages\/509\/revisions"}],"up":[{"embeddable":true,"href":"https:\/\/carfms.org\/fr\/wp-json\/wp\/v2\/pages\/474"}],"wp:attachment":[{"href":"https:\/\/carfms.org\/fr\/wp-json\/wp\/v2\/media?parent=509"}],"curies":[{"name":"wp","href":"https:\/\/api.w.org\/{rel}","templated":true}]}}