{"id":6,"date":"2014-09-11T16:42:47","date_gmt":"2014-09-11T20:42:47","guid":{"rendered":"http:\/\/carfms.org\/wp\/?page_id=6"},"modified":"2022-12-14T11:28:12","modified_gmt":"2022-12-14T16:28:12","slug":"about-us","status":"publish","type":"page","link":"https:\/\/carfms.org\/fr\/about-us\/","title":{"rendered":"Apropos"},"content":{"rendered":"<p><\/p>\n<p>Fond\u00e9e en Juin 2008, le mandat de ACERMF est de favoriser une communaut\u00e9 ind\u00e9pendante de chercheurs d\u00e9di\u00e9e \u00e0:<\/p>\n<ul>\n<li>l&rsquo;avancement et la diffusion de r\u00e9fugi\u00e9 du Canada et de la recherche de la migration forc\u00e9e;<\/li>\n<li>\u00e9tablir des partenariats actifs et des collaborations entre les chercheurs, les enseignants, les praticiens, les d\u00e9cideurs et les d\u00e9fenseurs; et,<\/li>\n<li>publications \u00e0 l&rsquo;appui, des conf\u00e9rences et d&rsquo;autres instances qui contribuent \u00e0 une communication ouverte et inclusive et la mise en r\u00e9seau autour des questions relatives aux r\u00e9fugi\u00e9s et \u00e9tudes des migrations forc\u00e9es au Canada et ailleurs.<\/li>\n<\/ul>\n<p>Pour plus d&rsquo;informations sur l&rsquo;adh\u00e9sion \u00e0 ACERMF, cliquez ici.<\/p>\n<p><strong>Secr\u00e9tariat<\/strong><\/p>\n<p style=\"padding-left: 30px\">Centre d&rsquo;\u00e9tudes sur les r\u00e9fugi\u00e9s, Universit\u00e9 York<br \/>\n8e \u00e9tage, Tour Kaneff<br \/>\n4700, rue Keele<br \/>\nToronto, Ontario<br \/>\nM3J 2P3<\/p>\n<p>Tel: +1 416 736 2100 ext. 30391<\/p>\n<p>Courriel: carfms.org@gmail.com<br \/>\nListe de diffusion: ARFMSLIST@yorku.ca<\/p>\n<p>(vous abonner \u00e0 cette liste de diffusion, s&rsquo;il vous pla\u00eet envoyez votre demande \u00e0 carfms.org@gmail.com)<\/p>\n<p>&nbsp;<\/p>\n<p><\/p>","protected":false},"excerpt":{"rendered":"<p>Fond\u00e9e en Juin 2008, le mandat de ACERMF est de favoriser une communaut\u00e9 ind\u00e9pendante de chercheurs d\u00e9di\u00e9e \u00e0: l&rsquo;avancement et la diffusion de r\u00e9fugi\u00e9 du Canada et de la recherche de la migration forc\u00e9e; \u00e9tablir des partenariats actifs et des collaborations entre les chercheurs, les enseignants, les praticiens, les d\u00e9cideurs et les d\u00e9fenseurs; et, publications \u00e0 l&rsquo;appui, des conf\u00e9rences et d&rsquo;autres instances qui contribuent \u00e0 une communication ouverte et inclusive et la mise en r\u00e9seau&#8230;<\/p>\n","protected":false},"author":2,"featured_media":0,"parent":0,"menu_order":0,"comment_status":"closed","ping_status":"closed","template":"","meta":{"ngg_post_thumbnail":0,"footnotes":""},"class_list":["post-6","page","type-page","status-publish","hentry"],"_links":{"self":[{"href":"https:\/\/carfms.org\/fr\/wp-json\/wp\/v2\/pages\/6","targetHints":{"allow":["GET"]}}],"collection":[{"href":"https:\/\/carfms.org\/fr\/wp-json\/wp\/v2\/pages"}],"about":[{"href":"https:\/\/carfms.org\/fr\/wp-json\/wp\/v2\/types\/page"}],"author":[{"embeddable":true,"href":"https:\/\/carfms.org\/fr\/wp-json\/wp\/v2\/users\/2"}],"replies":[{"embeddable":true,"href":"https:\/\/carfms.org\/fr\/wp-json\/wp\/v2\/comments?post=6"}],"version-history":[{"count":0,"href":"https:\/\/carfms.org\/fr\/wp-json\/wp\/v2\/pages\/6\/revisions"}],"wp:attachment":[{"href":"https:\/\/carfms.org\/fr\/wp-json\/wp\/v2\/media?parent=6"}],"curies":[{"name":"wp","href":"https:\/\/api.w.org\/{rel}","templated":true}]}}