{"id":725,"date":"2015-03-03T11:04:44","date_gmt":"2015-03-03T16:04:44","guid":{"rendered":"http:\/\/carfms.org\/?page_id=725"},"modified":"2015-03-03T12:26:12","modified_gmt":"2015-03-03T17:26:12","slug":"7th-annual-conference","status":"publish","type":"page","link":"https:\/\/carfms.org\/fr\/conferences\/7th-annual-conference\/","title":{"rendered":"7\u00e8me Conf\u00e9rence annuelle de l\u2019Association Canadienne des \u00c9tudes sur les R\u00e9fugi\u00e9s et la Migration Forc\u00e9e (ACERMF)"},"content":{"rendered":"<p><\/p>\n<h2><em>ACERMF14: Coh\u00e9rence et incoh\u00e9rence dans la gestion des migrations et de l&rsquo;int\u00e9gration : pra- tiques , politiques et perspectives<\/em><\/h2>\n<blockquote>\n<p>Organis\u00e9 par le Centre de recherche en droit public ( CRPL ) , Universit\u00e9 de Montr\u00e9al en collaboration avec le Chaire de recherche en immigration , ethnicit\u00e9 et la citoyennet\u00e9 ( RCIEC ) , Universit\u00e9 du Qu\u00e9bec \u00e0 Montr\u00e9al<\/p>\n<p>Montr\u00e9al, Quebec, Canada<br \/> <em>May 7-9, 2014<\/em><\/p>\n<\/blockquote>\n<blockquote>\n<p><a title=\"Rapport post - conf\u00e9rence: ACERMF 2014\" href=\"http:\/\/carfms.org\/post-conference-report-carfms-2014\/\"><strong>Rapport post &#8211; conf\u00e9rence: ACERMF 2014<\/strong><\/a><\/p>\n<\/blockquote>\n<p>&nbsp;<\/p>\n<p><\/p>","protected":false},"excerpt":{"rendered":"<p>ACERMF14: Coh\u00e9rence et incoh\u00e9rence dans la gestion des migrations et de l&rsquo;int\u00e9gration : pra- tiques , politiques et perspectives Organis\u00e9 par le Centre de recherche en droit public ( CRPL ) , Universit\u00e9 de Montr\u00e9al en collaboration avec le Chaire de recherche en immigration , ethnicit\u00e9 et la citoyennet\u00e9 ( RCIEC ) , Universit\u00e9 du Qu\u00e9bec \u00e0 Montr\u00e9al Montr\u00e9al, Quebec, Canada May 7-9, 2014 Rapport post &#8211; conf\u00e9rence: ACERMF 2014 &nbsp;<\/p>\n","protected":false},"author":5,"featured_media":0,"parent":295,"menu_order":0,"comment_status":"closed","ping_status":"open","template":"","meta":{"ngg_post_thumbnail":0,"footnotes":""},"class_list":["post-725","page","type-page","status-publish","hentry"],"_links":{"self":[{"href":"https:\/\/carfms.org\/fr\/wp-json\/wp\/v2\/pages\/725","targetHints":{"allow":["GET"]}}],"collection":[{"href":"https:\/\/carfms.org\/fr\/wp-json\/wp\/v2\/pages"}],"about":[{"href":"https:\/\/carfms.org\/fr\/wp-json\/wp\/v2\/types\/page"}],"author":[{"embeddable":true,"href":"https:\/\/carfms.org\/fr\/wp-json\/wp\/v2\/users\/5"}],"replies":[{"embeddable":true,"href":"https:\/\/carfms.org\/fr\/wp-json\/wp\/v2\/comments?post=725"}],"version-history":[{"count":0,"href":"https:\/\/carfms.org\/fr\/wp-json\/wp\/v2\/pages\/725\/revisions"}],"up":[{"embeddable":true,"href":"https:\/\/carfms.org\/fr\/wp-json\/wp\/v2\/pages\/295"}],"wp:attachment":[{"href":"https:\/\/carfms.org\/fr\/wp-json\/wp\/v2\/media?parent=725"}],"curies":[{"name":"wp","href":"https:\/\/api.w.org\/{rel}","templated":true}]}}