{"id":749,"date":"2015-03-03T11:46:31","date_gmt":"2015-03-03T16:46:31","guid":{"rendered":"http:\/\/carfms.org\/?page_id=749"},"modified":"2016-02-19T23:13:14","modified_gmt":"2016-02-20T04:13:14","slug":"6th-annual-conference","status":"publish","type":"page","link":"https:\/\/carfms.org\/fr\/conferences\/6th-annual-conference\/","title":{"rendered":"6\u00e8me Conf\u00e9rence annuelle de l\u2019Association Canadienne des \u00c9tudes sur les R\u00e9fugi\u00e9s et la Migration Forc\u00e9e (ACERMF)"},"content":{"rendered":"<p><\/p>\n<h2><em>ACERMF13: Coh\u00e9rence et incoh\u00e9rence dans la gestion des migrations et de l&rsquo;int\u00e9gration : pra- tiques , politiques et perspectives<\/em><\/h2>\n<blockquote>\n<p>Organis\u00e9 par le D\u00e9partement de Sociologie et de Criminologie et le Centre M\u00e9tropolis Atlantique Universit\u00e9 Saint Mary\u2019s, Halifax, Nouvelle-\u00c9cosse<\/p>\n<p>Halifax, Nouvelle-\u00c9cosse, Canada<br \/> <em>7 au 10 mars 2013<\/em><\/p>\n<\/blockquote>\n<p>La Conf\u00e9rence de 2013 r\u00e9unira chercheurs, repr\u00e9sentants gouvernementaux, des personnes d\u00e9plac\u00e9es, des avocats et des acteurs issus de diverses disciplines et d\u2019origines g\u00e9ographiques, pour discuter des espaces de refuge pour les migrants forc\u00e9s dans un contexte g\u00e9opolitique global en \u00e9volution. Nous invitons les participants \u00e0 explorer, depuis une large vari\u00e9t\u00e9 de perspectives, les aspects th\u00e9oriques et pratiques, nourris par l\u2019exp\u00e9rience, de nature juridique ou politique, que soul\u00e8ve la migration forc\u00e9e suite \u00e0 des situations de conflit, de d\u00e9veloppement, de changement climatique ou de d\u00e9sastre naturel. Nous invitons aussi les participants \u00e0 explorer les diff\u00e9rentes questions concernant l\u2019int\u00e9gration, l\u2019\u00e9tablissement, la r\u00e9installation des r\u00e9fugi\u00e9s et le retour volontaire des migrants forc\u00e9s, ainsi que les solutions \u00e0 court terme ou de nature durable pour faire face \u00e0 ces probl\u00e8mes. Dans les domaines de la migration et de l\u2019\u00e9tablissement, nous sommes int\u00e9ress\u00e9s \u00e0 recevoir des soumissions concernant l\u2019\u00e9tude des facteurs posant une menace \u00e0 l\u2019espace humanitaire et formulant des recommandations pour faire face \u00e0 ces menaces et pour promouvoir la solidarit\u00e9 avec les personnes qui sont \u00e0 la recherche d\u2019une protection. Des pr\u00e9sentations portant sur les recherches analytiques intersectionnelles relatives aux questions de genre lors des d\u00e9placements forc\u00e9s, aux mineurs et aux jeunes r\u00e9fugi\u00e9s sont tout particuli\u00e8rement encourag\u00e9es. Des personnalit\u00e9s reconnues dans le domaine de l'(im)migration et des r\u00e9fugi\u00e9s interviendront pendant la conf\u00e9rence inaugurale et les sessions pl\u00e9ni\u00e8res. Nous sollicitons la soumission de pr\u00e9sentations individuelles, d\u2019affiches, de panels et de tables rondes autour des axes suivants :<\/p>\n<p><strong>1.\u00a0\u00a0\u00a0\u00a0\u00a0 Les causes globales et transnationales des migrations forc\u00e9es et les solutions<\/strong><\/p>\n<p>Parmi les principales causes de d\u00e9placements forc\u00e9s figurent les conflits, les d\u00e9sastres environnementaux, le changement climatique, les projets de d\u00e9veloppement, qui sont souvent combin\u00e9s. L\u2019augmentation consid\u00e9rable du nombre de personnes d\u00e9plac\u00e9es de mani\u00e8re durable, tant \u00e0 l\u2019int\u00e9rieur de leur propre pays qu\u2019\u00e0 l\u2019international, est un d\u00e9veloppement particuli\u00e8rement pr\u00e9occupant. Il est par cons\u00e9quent n\u00e9cessaire d\u2019adopter une approche globale pour analyser les migrations forc\u00e9es et explorer des solutions appropri\u00e9es aux d\u00e9fis que soul\u00e8ve ce ph\u00e9nom\u00e8ne. Ce faisant, il importe d\u2019assurer un \u00e9quilibre entre les solutions d\u2019urgence \u00e0 court terme et des r\u00e9ponses durables aux probl\u00e8mes d\u2019ordre structural et syst\u00e9mique. Ce th\u00e8me vise \u00e0 promouvoir des analyses explorant diverses causes des migrations forc\u00e9es et les solutions qui peuvent y \u00eatre apport\u00e9es dans des perspectives globales et transnationales.<\/p>\n<p><strong>2.\u00a0\u00a0\u00a0\u00a0\u00a0 Asile et r\u00e9installation: D\u00e9fis et solutions humanitaires dans des contextes locaux<\/strong><\/p>\n<p>Ce th\u00e8me vise \u00e0 analyser l\u2019\u00e9volution des proc\u00e9dures et des pratiques relatives \u00e0 l\u2019asile, \u00e0 la r\u00e9installation et \u00e0 l\u2019int\u00e9gration des r\u00e9fugi\u00e9s plus largement. Des changements r\u00e9cents dans le syst\u00e8me canadien d\u2019asile illustrent la tendance restrictive au regard du droit des r\u00e9fugi\u00e9s et le r\u00e9tr\u00e9cissement de l\u2019espace r\u00e9serv\u00e9 \u00e0 l\u2019action humanitaire qui caract\u00e9risent le contexte global actuel. Quelles sont les cons\u00e9quences imm\u00e9diates et \u00e0 long terme de ces changements dans le syst\u00e8me canadien d\u2019asile et dans d\u2019autres pays? Quelles sont les r\u00e9ponses de diff\u00e9rents acteurs sociaux face \u00e0 ces changements? Quelles alternatives s\u2019offrent \u00e0 l\u2019action humanitaire? Ce th\u00e8me s\u2019int\u00e9resse \u00e9galement aux mani\u00e8res dont les migrants forc\u00e9s et les agences qui les aident r\u00e9agissent face aux changements dans les perceptions, les politiques et les pratiques concernant les r\u00e9fugi\u00e9s, les demandeurs d\u2019asile et les autres migrants forc\u00e9s. Il explore entre autres les questions suivantes : o\u00f9 et aupr\u00e8s de qui les r\u00e9fugi\u00e9s et les migrants forc\u00e9s trouvent-ils du soutien? O\u00f9 cherchent-ils un sens d\u2019appartenance? Comment sont n\u00e9goci\u00e9es les identit\u00e9s des migrants forc\u00e9s dans divers contextes de r\u00e9ception? En d\u2019autres mots, quelles sont les r\u00e9ponses apport\u00e9es par les migrants eux-m\u00eames et par les organismes et les d\u00e9fenseurs des droits des migrants face aux conditions d\u2019accueil plus restrictives et plus globalement, face aux d\u00e9fis d\u2019int\u00e9gration et de recherche d\u2019un sens d\u2019appartenance?<\/p>\n<p><strong>3.\u00a0\u00a0\u00a0\u00a0\u00a0 Les nouvelles approches et th\u00e9ories dans l\u2019\u00e9tude des migrations forc\u00e9es<\/strong><\/p>\n<p>Ancrer les th\u00e9ories et les m\u00e9thodes actuelles de recherche dans des exemples concrets de d\u00e9placement vont donner lieu \u00e0 une meilleure compr\u00e9hension et \u00e9ventuellement \u00e0 de meilleures politiques et pratiques ayant un impact sur les personnes d\u00e9plac\u00e9es au niveau local, r\u00e9gional, national et international. Quelles sont les m\u00e9thodologies, les th\u00e9ories et les questions pratiques et les difficult\u00e9s li\u00e9es \u00e0 la recherche dans le domaine des migrations forc\u00e9es? Comment les m\u00e9thodes de recherche propres aux sciences humaines sont-elles adapt\u00e9es \u00e0 l\u2019\u00e9tude des migrants forc\u00e9s qui sont souvent en mouvement et dans une situation vuln\u00e9rable? Comment le point de vue de diff\u00e9rents chercheurs peut-il varier en fonction de leur position ou de leur statut d\u2019universitaire, de repr\u00e9sentant gouvernemental, de d\u00e9cideur, de repr\u00e9sentant du milieu associatif, d\u2019avocat, de d\u00e9fenseur des droits humains ou de migrant forc\u00e9? Dans le cadre de ce th\u00e8me, nous sollicitons entre autres des pr\u00e9sentations\u00a0 sur des recherches empiriques portant sur des situations de d\u00e9placements forc\u00e9s et qui ont pour but d\u2019explorer ces situations, de faire des comparaisons, de tester des th\u00e9ories,\u00a0 ou d\u2019examiner les politiques dans une vari\u00e9t\u00e9 de contextes nationaux et internationaux.<\/p>\n<p><\/p>","protected":false},"excerpt":{"rendered":"<p>ACERMF13: Coh\u00e9rence et incoh\u00e9rence dans la gestion des migrations et de l&rsquo;int\u00e9gration : pra- tiques , politiques et perspectives Organis\u00e9 par le D\u00e9partement de Sociologie et de Criminologie et le Centre M\u00e9tropolis Atlantique Universit\u00e9 Saint Mary\u2019s, Halifax, Nouvelle-\u00c9cosse Halifax, Nouvelle-\u00c9cosse, Canada 7 au 10 mars 2013 La Conf\u00e9rence de 2013 r\u00e9unira chercheurs, repr\u00e9sentants gouvernementaux, des personnes d\u00e9plac\u00e9es, des avocats et des acteurs issus de diverses disciplines et d\u2019origines g\u00e9ographiques, pour discuter des espaces de refuge&#8230;<\/p>\n","protected":false},"author":5,"featured_media":0,"parent":295,"menu_order":0,"comment_status":"closed","ping_status":"open","template":"","meta":{"ngg_post_thumbnail":0,"footnotes":""},"class_list":["post-749","page","type-page","status-publish","hentry"],"_links":{"self":[{"href":"https:\/\/carfms.org\/fr\/wp-json\/wp\/v2\/pages\/749","targetHints":{"allow":["GET"]}}],"collection":[{"href":"https:\/\/carfms.org\/fr\/wp-json\/wp\/v2\/pages"}],"about":[{"href":"https:\/\/carfms.org\/fr\/wp-json\/wp\/v2\/types\/page"}],"author":[{"embeddable":true,"href":"https:\/\/carfms.org\/fr\/wp-json\/wp\/v2\/users\/5"}],"replies":[{"embeddable":true,"href":"https:\/\/carfms.org\/fr\/wp-json\/wp\/v2\/comments?post=749"}],"version-history":[{"count":0,"href":"https:\/\/carfms.org\/fr\/wp-json\/wp\/v2\/pages\/749\/revisions"}],"up":[{"embeddable":true,"href":"https:\/\/carfms.org\/fr\/wp-json\/wp\/v2\/pages\/295"}],"wp:attachment":[{"href":"https:\/\/carfms.org\/fr\/wp-json\/wp\/v2\/media?parent=749"}],"curies":[{"name":"wp","href":"https:\/\/api.w.org\/{rel}","templated":true}]}}