{"id":757,"date":"2015-03-03T12:00:48","date_gmt":"2015-03-03T17:00:48","guid":{"rendered":"http:\/\/carfms.org\/?page_id=757"},"modified":"2016-02-21T22:14:54","modified_gmt":"2016-02-22T03:14:54","slug":"5th-annual-conference","status":"publish","type":"page","link":"https:\/\/carfms.org\/fr\/conferences\/5th-annual-conference\/","title":{"rendered":"5\u00e8me Conf\u00e9rence annuelle de l\u2019Association Canadienne des \u00c9tudes sur les R\u00e9fugi\u00e9s et la Migration Forc\u00e9e (ACERMF)"},"content":{"rendered":"<p><\/p>\n<p><\/p>\n<h2><em>ACERMF12: Restructuration refuge et d&rsquo;installation : R\u00e9pondant \u00e0 la dynamique mondiale des d\u00e9placements<\/em><\/h2>\n<blockquote>\n<p>Organis\u00e9 par le Centre for Refugee Studies ( CRS ), l&rsquo;Universit\u00e9 York, Toronto, Ontario<\/p>\n<p>Toronto , Ontario, Canada<br \/> 16-18 mai, 2012<\/p>\n<\/blockquote>\n<p>&nbsp;<\/p>\n<\/p>\n<p><\/p>","protected":false},"excerpt":{"rendered":"<p>ACERMF12: Restructuration refuge et d&rsquo;installation : R\u00e9pondant \u00e0 la dynamique mondiale des d\u00e9placements Organis\u00e9 par le Centre for Refugee Studies ( CRS ), l&rsquo;Universit\u00e9 York, Toronto, Ontario Toronto , Ontario, Canada 16-18 mai, 2012 &nbsp;<\/p>\n","protected":false},"author":5,"featured_media":0,"parent":295,"menu_order":0,"comment_status":"closed","ping_status":"open","template":"","meta":{"ngg_post_thumbnail":0,"footnotes":""},"class_list":["post-757","page","type-page","status-publish","hentry"],"_links":{"self":[{"href":"https:\/\/carfms.org\/fr\/wp-json\/wp\/v2\/pages\/757","targetHints":{"allow":["GET"]}}],"collection":[{"href":"https:\/\/carfms.org\/fr\/wp-json\/wp\/v2\/pages"}],"about":[{"href":"https:\/\/carfms.org\/fr\/wp-json\/wp\/v2\/types\/page"}],"author":[{"embeddable":true,"href":"https:\/\/carfms.org\/fr\/wp-json\/wp\/v2\/users\/5"}],"replies":[{"embeddable":true,"href":"https:\/\/carfms.org\/fr\/wp-json\/wp\/v2\/comments?post=757"}],"version-history":[{"count":0,"href":"https:\/\/carfms.org\/fr\/wp-json\/wp\/v2\/pages\/757\/revisions"}],"up":[{"embeddable":true,"href":"https:\/\/carfms.org\/fr\/wp-json\/wp\/v2\/pages\/295"}],"wp:attachment":[{"href":"https:\/\/carfms.org\/fr\/wp-json\/wp\/v2\/media?parent=757"}],"curies":[{"name":"wp","href":"https:\/\/api.w.org\/{rel}","templated":true}]}}