{"id":773,"date":"2015-03-03T12:32:36","date_gmt":"2015-03-03T17:32:36","guid":{"rendered":"http:\/\/carfms.org\/?page_id=773"},"modified":"2015-03-03T15:21:12","modified_gmt":"2015-03-03T20:21:12","slug":"4th-annual-conference","status":"publish","type":"page","link":"https:\/\/carfms.org\/fr\/conferences\/4th-annual-conference\/","title":{"rendered":"4\u00e8me Conf\u00e9rence annuelle de l\u2019Association Canadienne des \u00c9tudes sur les R\u00e9fugi\u00e9s et la Migration Forc\u00e9e (ACERMF)"},"content":{"rendered":"<p><\/p>\n<p><h2><em>ACERMF11: Restructuration refuge et d&rsquo;installation : R\u00e9pondant \u00e0 la dynamique mondiale des d\u00e9placements<br \/><\/em><\/h2>\n<blockquote>\n<p>Montreal, Quebec<br \/> 11-13 mai, 2011<\/p>\n<\/blockquote>\n<p>&nbsp;<\/p>\n<\/p>\n<p><\/p>","protected":false},"excerpt":{"rendered":"<p>ACERMF11: Restructuration refuge et d&rsquo;installation : R\u00e9pondant \u00e0 la dynamique mondiale des d\u00e9placements Montreal, Quebec 11-13 mai, 2011 &nbsp;<\/p>\n","protected":false},"author":5,"featured_media":0,"parent":295,"menu_order":0,"comment_status":"closed","ping_status":"open","template":"","meta":{"ngg_post_thumbnail":0,"footnotes":""},"class_list":["post-773","page","type-page","status-publish","hentry"],"_links":{"self":[{"href":"https:\/\/carfms.org\/fr\/wp-json\/wp\/v2\/pages\/773","targetHints":{"allow":["GET"]}}],"collection":[{"href":"https:\/\/carfms.org\/fr\/wp-json\/wp\/v2\/pages"}],"about":[{"href":"https:\/\/carfms.org\/fr\/wp-json\/wp\/v2\/types\/page"}],"author":[{"embeddable":true,"href":"https:\/\/carfms.org\/fr\/wp-json\/wp\/v2\/users\/5"}],"replies":[{"embeddable":true,"href":"https:\/\/carfms.org\/fr\/wp-json\/wp\/v2\/comments?post=773"}],"version-history":[{"count":0,"href":"https:\/\/carfms.org\/fr\/wp-json\/wp\/v2\/pages\/773\/revisions"}],"up":[{"embeddable":true,"href":"https:\/\/carfms.org\/fr\/wp-json\/wp\/v2\/pages\/295"}],"wp:attachment":[{"href":"https:\/\/carfms.org\/fr\/wp-json\/wp\/v2\/media?parent=773"}],"curies":[{"name":"wp","href":"https:\/\/api.w.org\/{rel}","templated":true}]}}